{"id":1064,"date":"2023-11-01T14:31:15","date_gmt":"2023-11-01T13:31:15","guid":{"rendered":"https:\/\/konkursrobot.dk\/om-os\/"},"modified":"2025-10-27T14:57:10","modified_gmt":"2025-10-27T13:57:10","slug":"om-bella","status":"publish","type":"page","link":"https:\/\/konkursrobot.dk\/en\/om-bella\/","title":{"rendered":"About BELLA"},"content":{"rendered":"\t\t<div data-elementor-type=\"wp-post\" data-elementor-id=\"1064\" class=\"elementor elementor-1064\" data-elementor-post-type=\"page\">\n\t\t\t\t<div class=\"elementor-element elementor-element-a0ffcc1 e-flex e-con-boxed e-con e-parent\" data-id=\"a0ffcc1\" data-element_type=\"container\" data-e-type=\"container\" data-settings=\"{&quot;background_background&quot;:&quot;classic&quot;}\">\n\t\t\t\t\t<div class=\"e-con-inner\">\n\t\t<div class=\"elementor-element elementor-element-2c4c40b e-con-full e-flex e-con e-child\" data-id=\"2c4c40b\" data-element_type=\"container\" data-e-type=\"container\">\n\t\t\t\t<div class=\"elementor-element elementor-element-7f2af3b elementor-widget__width-initial elementor-widget elementor-widget-heading\" data-id=\"7f2af3b\" data-element_type=\"widget\" data-e-type=\"widget\" data-widget_type=\"heading.default\">\n\t\t\t\t<div class=\"elementor-widget-container\">\n\t\t\t\t\t<h1 class=\"elementor-heading-title elementor-size-default\">Om BELLA Intelligence<\/h1>\t\t\t\t<\/div>\n\t\t\t\t<\/div>\n\t\t\t\t<div class=\"elementor-element elementor-element-c98b7fc elementor-widget elementor-widget-text-editor\" data-id=\"c98b7fc\" data-element_type=\"widget\" data-e-type=\"widget\" data-widget_type=\"text-editor.default\">\n\t\t\t\t<div class=\"elementor-widget-container\">\n\t\t\t\t\t\t\t\t\t<p>BELLA Intelligence blev udviklet af advokater for advokater i 2019 og er et niche software specielt designet til digitalisering af insolvensret. Vi er en selvst\u00e6ndig forretningsenhed hos Karnov Group og befinder os p\u00e5 samme adresse som Karnov Group p\u00e5 Sankt Petri Passage 5, 1165 K\u00f8benhavn.<\/p><p>Vores dedikerede team p\u00e5 8 personer er fuldt engagerede i udviklingen af BELLA. Vi er st\u00e6rkt kundeorienterede i vores tilgang og str\u00e6ber efter at levere innovative og effektive l\u00f8sninger, der g\u00f8r arbejdet med insolvensret lettere og mere effektivt for advokater.<\/p><p>Med vores ekspertise og specialiserede software sikrer vi, at vores brugere kan navigere de komplekse processer inden for insolvensret med st\u00f8rre lethed og pr\u00e6cision.<\/p>\t\t\t\t\t\t\t\t<\/div>\n\t\t\t\t<\/div>\n\t\t\t\t<\/div>\n\t\t<div class=\"elementor-element elementor-element-e048c0d e-con-full e-flex elementor-invisible e-con e-child\" data-id=\"e048c0d\" data-element_type=\"container\" data-e-type=\"container\" data-settings=\"{&quot;animation&quot;:&quot;fadeInUp&quot;,&quot;background_background&quot;:&quot;slideshow&quot;,&quot;background_slideshow_gallery&quot;:[{&quot;id&quot;:2430,&quot;url&quot;:&quot;https:\\\/\\\/konkursrobot.dk\\\/wp-content\\\/uploads\\\/karnov-1361-scaled.jpg&quot;},{&quot;id&quot;:2524,&quot;url&quot;:&quot;https:\\\/\\\/konkursrobot.dk\\\/wp-content\\\/uploads\\\/Karnov_0648-mindre-1-scaled.jpg&quot;},{&quot;id&quot;:2523,&quot;url&quot;:&quot;https:\\\/\\\/konkursrobot.dk\\\/wp-content\\\/uploads\\\/Karnov-location_1413-1-scaled.jpg&quot;}],&quot;background_slideshow_loop&quot;:&quot;yes&quot;,&quot;background_slideshow_slide_duration&quot;:5000,&quot;background_slideshow_slide_transition&quot;:&quot;fade&quot;,&quot;background_slideshow_transition_duration&quot;:500}\">\n\t\t\t\t<\/div>\n\t\t\t\t\t<\/div>\n\t\t\t\t<\/div>\n\t\t<div class=\"elementor-element elementor-element-9e0cf9e e-flex e-con-boxed e-con e-parent\" data-id=\"9e0cf9e\" data-element_type=\"container\" data-e-type=\"container\" data-settings=\"{&quot;background_background&quot;:&quot;classic&quot;}\">\n\t\t\t\t\t<div class=\"e-con-inner\">\n\t\t<div class=\"elementor-element elementor-element-68e9a48 e-con-full e-flex e-con e-child\" data-id=\"68e9a48\" data-element_type=\"container\" data-e-type=\"container\">\n\t\t\t\t<div class=\"elementor-element elementor-element-faafb01 elementor-widget elementor-widget-heading\" data-id=\"faafb01\" data-element_type=\"widget\" data-e-type=\"widget\" data-widget_type=\"heading.default\">\n\t\t\t\t<div class=\"elementor-widget-container\">\n\t\t\t\t\t<h2 class=\"elementor-heading-title elementor-size-default\">\nBELLA har til dags dato<\/h2>\t\t\t\t<\/div>\n\t\t\t\t<\/div>\n\t\t\t\t<div class=\"elementor-element elementor-element-2df6f37 elementor-widget elementor-widget-text-editor\" data-id=\"2df6f37\" data-element_type=\"widget\" data-e-type=\"widget\" data-widget_type=\"text-editor.default\">\n\t\t\t\t<div class=\"elementor-widget-container\">\n\t\t\t\t\t\t\t\t\t<p>L\u00e6s hvordan BELLA (Bankruptcy Estate Lawyer&#8217;s Legal Assistant) st\u00f8tter fremtidige behov<\/p>\t\t\t\t\t\t\t\t<\/div>\n\t\t\t\t<\/div>\n\t\t\t\t<\/div>\n\t\t<div class=\"elementor-element elementor-element-ce6ce7c e-con-full e-flex e-con e-child\" data-id=\"ce6ce7c\" data-element_type=\"container\" data-e-type=\"container\">\n\t\t\t\t<div class=\"elementor-element elementor-element-b1b63b1 elementor-widget__width-initial elementor-widget elementor-widget-counter\" data-id=\"b1b63b1\" data-element_type=\"widget\" data-e-type=\"widget\" data-widget_type=\"counter.default\">\n\t\t\t\t<div class=\"elementor-widget-container\">\n\t\t\t\t\t\t\t<div class=\"elementor-counter\">\n\t\t\t<span class=\"elementor-counter-title\">Konkurssager h\u00e5ndteret<\/span>\t\t\t<div class=\"elementor-counter-number-wrapper\">\n\t\t\t\t<span class=\"elementor-counter-number-prefix\">+<\/span>\n\t\t\t\t<span class=\"elementor-counter-number\" data-duration=\"2000\" data-to-value=\"6000\" data-from-value=\"0\" data-delimiter=\".\">0<\/span>\n\t\t\t\t<span class=\"elementor-counter-number-suffix\"><\/span>\n\t\t\t<\/div>\n\t\t<\/div>\n\t\t\t\t\t\t<\/div>\n\t\t\t\t<\/div>\n\t\t\t\t<div class=\"elementor-element elementor-element-5ca8424 elementor-widget__width-initial elementor-widget elementor-widget-counter\" data-id=\"5ca8424\" data-element_type=\"widget\" data-e-type=\"widget\" data-widget_type=\"counter.default\">\n\t\t\t\t<div class=\"elementor-widget-container\">\n\t\t\t\t\t\t\t<div class=\"elementor-counter\">\n\t\t\t<span class=\"elementor-counter-title\">Advokatkontorer i Danmark bruger BELLA<\/span>\t\t\t<div class=\"elementor-counter-number-wrapper\">\n\t\t\t\t<span class=\"elementor-counter-number-prefix\">+<\/span>\n\t\t\t\t<span class=\"elementor-counter-number\" data-duration=\"2000\" data-to-value=\"29\" data-from-value=\"0\" data-delimiter=\".\">0<\/span>\n\t\t\t\t<span class=\"elementor-counter-number-suffix\"><\/span>\n\t\t\t<\/div>\n\t\t<\/div>\n\t\t\t\t\t\t<\/div>\n\t\t\t\t<\/div>\n\t\t\t\t<div class=\"elementor-element elementor-element-145aaff elementor-widget__width-initial elementor-widget elementor-widget-counter\" data-id=\"145aaff\" data-element_type=\"widget\" data-e-type=\"widget\" data-widget_type=\"counter.default\">\n\t\t\t\t<div class=\"elementor-widget-container\">\n\t\t\t\t\t\t\t<div class=\"elementor-counter\">\n\t\t\t<span class=\"elementor-counter-title\">Brugere i Danmark<\/span>\t\t\t<div class=\"elementor-counter-number-wrapper\">\n\t\t\t\t<span class=\"elementor-counter-number-prefix\">+<\/span>\n\t\t\t\t<span class=\"elementor-counter-number\" data-duration=\"2000\" data-to-value=\"400\" data-from-value=\"0\" data-delimiter=\".\">0<\/span>\n\t\t\t\t<span class=\"elementor-counter-number-suffix\"><\/span>\n\t\t\t<\/div>\n\t\t<\/div>\n\t\t\t\t\t\t<\/div>\n\t\t\t\t<\/div>\n\t\t\t\t<\/div>\n\t\t\t\t\t<\/div>\n\t\t\t\t<\/div>\n\t\t<div class=\"elementor-element elementor-element-4de75ed e-flex e-con-boxed e-con e-parent\" data-id=\"4de75ed\" data-element_type=\"container\" data-e-type=\"container\" data-settings=\"{&quot;background_background&quot;:&quot;classic&quot;}\">\n\t\t\t\t\t<div class=\"e-con-inner\">\n\t\t<div class=\"elementor-element elementor-element-b71fa30 e-con-full e-flex e-con e-child\" data-id=\"b71fa30\" data-element_type=\"container\" data-e-type=\"container\">\n\t\t\t\t<div class=\"elementor-element elementor-element-e884ae4 elementor-widget__width-initial elementor-widget elementor-widget-heading\" data-id=\"e884ae4\" data-element_type=\"widget\" data-e-type=\"widget\" data-widget_type=\"heading.default\">\n\t\t\t\t<div class=\"elementor-widget-container\">\n\t\t\t\t\t<h2 class=\"elementor-heading-title elementor-size-default\">Har du sp\u00f8rgsm\u00e5l? Lad os tage en snak<\/h2>\t\t\t\t<\/div>\n\t\t\t\t<\/div>\n\t\t\t\t<div class=\"elementor-element elementor-element-e3707f4 elementor-widget__width-initial elementor-widget-mobile__width-inherit elementor-widget elementor-widget-text-editor\" data-id=\"e3707f4\" data-element_type=\"widget\" data-e-type=\"widget\" data-widget_type=\"text-editor.default\">\n\t\t\t\t<div class=\"elementor-widget-container\">\n\t\t\t\t\t\t\t\t\t<p>Har du sp\u00f8rgsm\u00e5l, eller \u00f8nsker du at h\u00f8re mere om, hvordan BELLA kan optimere din konkursbehandling? Vi st\u00e5r klar til at hj\u00e6lpe dig.<\/p>\t\t\t\t\t\t\t\t<\/div>\n\t\t\t\t<\/div>\n\t\t\t\t<\/div>\n\t\t<div class=\"elementor-element elementor-element-946c332 e-con-full e-flex e-con e-child\" data-id=\"946c332\" data-element_type=\"container\" data-e-type=\"container\">\n\t\t\t\t<div class=\"elementor-element elementor-element-4ff1cc4 elementor-hidden-mobile elementor-widget__width-initial elementor-widget-mobile__width-inherit elementor-button-align-stretch elementor-widget elementor-widget-form\" data-id=\"4ff1cc4\" data-element_type=\"widget\" data-e-type=\"widget\" data-settings=\"{&quot;button_width&quot;:&quot;20&quot;,&quot;button_width_tablet&quot;:&quot;30&quot;,&quot;step_next_label&quot;:&quot;N\\u00e6ste&quot;,&quot;step_previous_label&quot;:&quot;Tidligere&quot;,&quot;step_type&quot;:&quot;number_text&quot;,&quot;step_icon_shape&quot;:&quot;circle&quot;}\" data-widget_type=\"form.default\">\n\t\t\t\t<div class=\"elementor-widget-container\">\n\t\t\t\t\t\t\t<form class=\"elementor-form\" method=\"post\" name=\"Ny formular\" aria-label=\"Ny formular\">\n\t\t\t<input type=\"hidden\" name=\"post_id\" value=\"1064\"\/>\n\t\t\t<input type=\"hidden\" name=\"form_id\" value=\"4ff1cc4\"\/>\n\t\t\t<input type=\"hidden\" name=\"referer_title\" value=\"Konkurs Robot\" \/>\n\n\t\t\t\n\t\t\t<div class=\"elementor-form-fields-wrapper elementor-labels-\">\n\t\t\t\t\t\t\t\t<div class=\"elementor-field-type-text elementor-field-group elementor-column elementor-field-group-name elementor-col-20 elementor-md-50\">\n\t\t\t\t\t\t\t\t\t\t\t\t<label for=\"form-field-name\" class=\"elementor-field-label elementor-screen-only\">\n\t\t\t\t\t\t\t\tNavn\t\t\t\t\t\t\t<\/label>\n\t\t\t\t\t\t\t\t\t\t\t\t\t\t<input size=\"1\" type=\"text\" name=\"form_fields[name]\" id=\"form-field-name\" class=\"elementor-field elementor-size-sm  elementor-field-textual\" placeholder=\"Navn\">\n\t\t\t\t\t\t\t\t\t\t\t<\/div>\n\t\t\t\t\t\t\t\t<div class=\"elementor-field-type-email elementor-field-group elementor-column elementor-field-group-email elementor-col-20 elementor-md-50 elementor-field-required\">\n\t\t\t\t\t\t\t\t\t\t\t\t<label for=\"form-field-email\" class=\"elementor-field-label elementor-screen-only\">\n\t\t\t\t\t\t\t\tE-mail\t\t\t\t\t\t\t<\/label>\n\t\t\t\t\t\t\t\t\t\t\t\t\t\t<input size=\"1\" type=\"email\" name=\"form_fields[email]\" id=\"form-field-email\" class=\"elementor-field elementor-size-sm  elementor-field-textual\" placeholder=\"E-mail\" required=\"required\">\n\t\t\t\t\t\t\t\t\t\t\t<\/div>\n\t\t\t\t\t\t\t\t<div class=\"elementor-field-type-textarea elementor-field-group elementor-column elementor-field-group-message elementor-col-40 elementor-md-70\">\n\t\t\t\t\t\t\t\t\t\t\t\t<label for=\"form-field-message\" class=\"elementor-field-label elementor-screen-only\">\n\t\t\t\t\t\t\t\tMeddelelse\t\t\t\t\t\t\t<\/label>\n\t\t\t\t\t\t<textarea class=\"elementor-field-textual elementor-field  elementor-size-sm\" name=\"form_fields[message]\" id=\"form-field-message\" rows=\"1\" placeholder=\"Meddelelse\"><\/textarea>\t\t\t\t<\/div>\n\t\t\t\t\t\t\t\t<div class=\"elementor-field-group elementor-column elementor-field-type-submit elementor-col-20 e-form__buttons elementor-md-30\">\n\t\t\t\t\t<button class=\"elementor-button elementor-size-sm elementor-animation-float\" type=\"submit\">\n\t\t\t\t\t\t<span class=\"elementor-button-content-wrapper\">\n\t\t\t\t\t\t\t\t\t\t\t\t\t\t\t\t\t\t\t\t\t\t<span class=\"elementor-button-text\">Send<\/span>\n\t\t\t\t\t\t\t\t\t\t\t\t\t<\/span>\n\t\t\t\t\t<\/button>\n\t\t\t\t<\/div>\n\t\t\t<\/div>\n\t\t<input\n                    class=\"apbct_special_field apbct_email_id__elementor_form\"\n                    name=\"apbct__email_id__elementor_form\"\n                    aria-label=\"apbct__label_id__elementor_form\"\n                    type=\"text\" size=\"30\" maxlength=\"200\" autocomplete=\"off\"\n                    value=\"\"\n                \/><\/form>\n\t\t\t\t\t\t<\/div>\n\t\t\t\t<\/div>\n\t\t\t\t<div class=\"elementor-element elementor-element-fe11944 elementor-hidden-desktop elementor-hidden-tablet elementor-widget__width-initial elementor-widget-mobile__width-inherit elementor-button-align-stretch elementor-widget elementor-widget-form\" data-id=\"fe11944\" data-element_type=\"widget\" data-e-type=\"widget\" data-settings=\"{&quot;button_width&quot;:&quot;20&quot;,&quot;button_width_tablet&quot;:&quot;30&quot;,&quot;step_next_label&quot;:&quot;N\\u00e6ste&quot;,&quot;step_previous_label&quot;:&quot;Tidligere&quot;,&quot;step_type&quot;:&quot;number_text&quot;,&quot;step_icon_shape&quot;:&quot;circle&quot;}\" data-widget_type=\"form.default\">\n\t\t\t\t<div class=\"elementor-widget-container\">\n\t\t\t\t\t\t\t<form class=\"elementor-form\" method=\"post\" name=\"Ny formular\" aria-label=\"Ny formular\">\n\t\t\t<input type=\"hidden\" name=\"post_id\" value=\"1064\"\/>\n\t\t\t<input type=\"hidden\" name=\"form_id\" value=\"fe11944\"\/>\n\t\t\t<input type=\"hidden\" name=\"referer_title\" value=\"Konkurs Robot\" \/>\n\n\t\t\t\n\t\t\t<div class=\"elementor-form-fields-wrapper elementor-labels-\">\n\t\t\t\t\t\t\t\t<div class=\"elementor-field-type-text elementor-field-group elementor-column elementor-field-group-name elementor-col-20 elementor-md-50\">\n\t\t\t\t\t\t\t\t\t\t\t\t<label for=\"form-field-name\" class=\"elementor-field-label elementor-screen-only\">\n\t\t\t\t\t\t\t\tNavn\t\t\t\t\t\t\t<\/label>\n\t\t\t\t\t\t\t\t\t\t\t\t\t\t<input size=\"1\" type=\"text\" name=\"form_fields[name]\" id=\"form-field-name\" class=\"elementor-field elementor-size-sm  elementor-field-textual\" placeholder=\"Navn\">\n\t\t\t\t\t\t\t\t\t\t\t<\/div>\n\t\t\t\t\t\t\t\t<div class=\"elementor-field-type-email elementor-field-group elementor-column elementor-field-group-email elementor-col-20 elementor-md-50 elementor-field-required\">\n\t\t\t\t\t\t\t\t\t\t\t\t<label for=\"form-field-email\" class=\"elementor-field-label elementor-screen-only\">\n\t\t\t\t\t\t\t\tE-mail\t\t\t\t\t\t\t<\/label>\n\t\t\t\t\t\t\t\t\t\t\t\t\t\t<input size=\"1\" type=\"email\" name=\"form_fields[email]\" id=\"form-field-email\" class=\"elementor-field elementor-size-sm  elementor-field-textual\" placeholder=\"E-mail\" required=\"required\">\n\t\t\t\t\t\t\t\t\t\t\t<\/div>\n\t\t\t\t\t\t\t\t<div class=\"elementor-field-type-textarea elementor-field-group elementor-column elementor-field-group-message elementor-col-40 elementor-md-70\">\n\t\t\t\t\t\t\t\t\t\t\t\t<label for=\"form-field-message\" class=\"elementor-field-label elementor-screen-only\">\n\t\t\t\t\t\t\t\tMeddelelse\t\t\t\t\t\t\t<\/label>\n\t\t\t\t\t\t<textarea class=\"elementor-field-textual elementor-field  elementor-size-sm\" name=\"form_fields[message]\" id=\"form-field-message\" rows=\"4\" placeholder=\"Meddelelse\"><\/textarea>\t\t\t\t<\/div>\n\t\t\t\t\t\t\t\t<div class=\"elementor-field-group elementor-column elementor-field-type-submit elementor-col-20 e-form__buttons elementor-md-30\">\n\t\t\t\t\t<button class=\"elementor-button elementor-size-sm elementor-animation-float\" type=\"submit\">\n\t\t\t\t\t\t<span class=\"elementor-button-content-wrapper\">\n\t\t\t\t\t\t\t\t\t\t\t\t\t\t\t\t\t\t\t\t\t\t<span class=\"elementor-button-text\">Send<\/span>\n\t\t\t\t\t\t\t\t\t\t\t\t\t<\/span>\n\t\t\t\t\t<\/button>\n\t\t\t\t<\/div>\n\t\t\t<\/div>\n\t\t<input\n                    class=\"apbct_special_field apbct_email_id__elementor_form\"\n                    name=\"apbct__email_id__elementor_form\"\n                    aria-label=\"apbct__label_id__elementor_form\"\n                    type=\"text\" size=\"30\" maxlength=\"200\" autocomplete=\"off\"\n                    value=\"\"\n                \/><\/form>\n\t\t\t\t\t\t<\/div>\n\t\t\t\t<\/div>\n\t\t\t\t<\/div>\n\t\t\t\t\t<\/div>\n\t\t\t\t<\/div>\n\t\t\t\t<\/div>\n\t\t","protected":false},"excerpt":{"rendered":"<p>Om BELLA Intelligence BELLA Intelligence blev udviklet af advokater for advokater i 2019 og er et niche software specielt designet til digitalisering af insolvensret. Vi er en selvst\u00e6ndig forretningsenhed hos Karnov Group og befinder os p\u00e5 samme adresse som Karnov Group p\u00e5 Sankt Petri Passage 5, 1165 K\u00f8benhavn. Vores dedikerede team p\u00e5 8 personer er [&hellip;]<\/p>\n","protected":false},"author":1,"featured_media":0,"parent":0,"menu_order":0,"comment_status":"closed","ping_status":"closed","template":"","meta":{"_acf_changed":false,"footnotes":""},"class_list":["post-1064","page","type-page","status-publish","hentry"],"acf":[],"yoast_head":"<!-- This site is optimized with the Yoast SEO plugin v27.4 - https:\/\/yoast.com\/product\/yoast-seo-wordpress\/ -->\n<title>Om BELLA - Konkurs Robot<\/title>\n<meta name=\"robots\" content=\"index, follow, max-snippet:-1, max-image-preview:large, max-video-preview:-1\" \/>\n<link rel=\"canonical\" href=\"https:\/\/konkursrobot.dk\/en\/om-bella\/\" \/>\n<meta property=\"og:locale\" content=\"en_GB\" \/>\n<meta property=\"og:type\" content=\"article\" \/>\n<meta property=\"og:title\" content=\"Om BELLA - Konkurs Robot\" \/>\n<meta property=\"og:description\" content=\"Om BELLA Intelligence BELLA Intelligence blev udviklet af advokater for advokater i 2019 og er et niche software specielt designet til digitalisering af insolvensret. Vi er en selvst\u00e6ndig forretningsenhed hos Karnov Group og befinder os p\u00e5 samme adresse som Karnov Group p\u00e5 Sankt Petri Passage 5, 1165 K\u00f8benhavn. Vores dedikerede team p\u00e5 8 personer er [&hellip;]\" \/>\n<meta property=\"og:url\" content=\"https:\/\/konkursrobot.dk\/en\/om-bella\/\" \/>\n<meta property=\"og:site_name\" content=\"Konkurs Robot\" \/>\n<meta property=\"article:modified_time\" content=\"2025-10-27T13:57:10+00:00\" \/>\n<meta name=\"twitter:card\" content=\"summary_large_image\" \/>\n<meta name=\"twitter:label1\" content=\"Estimated reading time\" \/>\n\t<meta name=\"twitter:data1\" content=\"1 minute\" \/>\n<script type=\"application\/ld+json\" class=\"yoast-schema-graph\">{\"@context\":\"https:\\\/\\\/schema.org\",\"@graph\":[{\"@type\":\"WebPage\",\"@id\":\"https:\\\/\\\/konkursrobot.dk\\\/om-bella\\\/\",\"url\":\"https:\\\/\\\/konkursrobot.dk\\\/om-bella\\\/\",\"name\":\"Om BELLA - Konkurs Robot\",\"isPartOf\":{\"@id\":\"https:\\\/\\\/konkursrobot.dk\\\/#website\"},\"datePublished\":\"2023-11-01T13:31:15+00:00\",\"dateModified\":\"2025-10-27T13:57:10+00:00\",\"inLanguage\":\"en-GB\",\"potentialAction\":[{\"@type\":\"ReadAction\",\"target\":[\"https:\\\/\\\/konkursrobot.dk\\\/om-bella\\\/\"]}]},{\"@type\":\"WebSite\",\"@id\":\"https:\\\/\\\/konkursrobot.dk\\\/#website\",\"url\":\"https:\\\/\\\/konkursrobot.dk\\\/\",\"name\":\"Konkurs Robot\",\"description\":\"\",\"publisher\":{\"@id\":\"https:\\\/\\\/konkursrobot.dk\\\/#organization\"},\"potentialAction\":[{\"@type\":\"SearchAction\",\"target\":{\"@type\":\"EntryPoint\",\"urlTemplate\":\"https:\\\/\\\/konkursrobot.dk\\\/?s={search_term_string}\"},\"query-input\":{\"@type\":\"PropertyValueSpecification\",\"valueRequired\":true,\"valueName\":\"search_term_string\"}}],\"inLanguage\":\"en-GB\"},{\"@type\":\"Organization\",\"@id\":\"https:\\\/\\\/konkursrobot.dk\\\/#organization\",\"name\":\"Konkurs Robot\",\"url\":\"https:\\\/\\\/konkursrobot.dk\\\/\",\"logo\":{\"@type\":\"ImageObject\",\"inLanguage\":\"en-GB\",\"@id\":\"https:\\\/\\\/konkursrobot.dk\\\/#\\\/schema\\\/logo\\\/image\\\/\",\"url\":\"https:\\\/\\\/konkursrobot.dk\\\/wp-content\\\/uploads\\\/BELLAINTEL_LOGO_long-2.png\",\"contentUrl\":\"https:\\\/\\\/konkursrobot.dk\\\/wp-content\\\/uploads\\\/BELLAINTEL_LOGO_long-2.png\",\"width\":612,\"height\":257,\"caption\":\"Konkurs Robot\"},\"image\":{\"@id\":\"https:\\\/\\\/konkursrobot.dk\\\/#\\\/schema\\\/logo\\\/image\\\/\"}}]}<\/script>\n<!-- \/ Yoast SEO plugin. -->","yoast_head_json":{"title":"Om BELLA - Konkurs Robot","robots":{"index":"index","follow":"follow","max-snippet":"max-snippet:-1","max-image-preview":"max-image-preview:large","max-video-preview":"max-video-preview:-1"},"canonical":"https:\/\/konkursrobot.dk\/en\/om-bella\/","og_locale":"en_GB","og_type":"article","og_title":"Om BELLA - Konkurs Robot","og_description":"Om BELLA Intelligence BELLA Intelligence blev udviklet af advokater for advokater i 2019 og er et niche software specielt designet til digitalisering af insolvensret. Vi er en selvst\u00e6ndig forretningsenhed hos Karnov Group og befinder os p\u00e5 samme adresse som Karnov Group p\u00e5 Sankt Petri Passage 5, 1165 K\u00f8benhavn. Vores dedikerede team p\u00e5 8 personer er [&hellip;]","og_url":"https:\/\/konkursrobot.dk\/en\/om-bella\/","og_site_name":"Konkurs Robot","article_modified_time":"2025-10-27T13:57:10+00:00","twitter_card":"summary_large_image","twitter_misc":{"Estimated reading time":"1 minute"},"schema":{"@context":"https:\/\/schema.org","@graph":[{"@type":"WebPage","@id":"https:\/\/konkursrobot.dk\/om-bella\/","url":"https:\/\/konkursrobot.dk\/om-bella\/","name":"Om BELLA - Konkurs Robot","isPartOf":{"@id":"https:\/\/konkursrobot.dk\/#website"},"datePublished":"2023-11-01T13:31:15+00:00","dateModified":"2025-10-27T13:57:10+00:00","inLanguage":"en-GB","potentialAction":[{"@type":"ReadAction","target":["https:\/\/konkursrobot.dk\/om-bella\/"]}]},{"@type":"WebSite","@id":"https:\/\/konkursrobot.dk\/#website","url":"https:\/\/konkursrobot.dk\/","name":"Konkurs Robot","description":"","publisher":{"@id":"https:\/\/konkursrobot.dk\/#organization"},"potentialAction":[{"@type":"SearchAction","target":{"@type":"EntryPoint","urlTemplate":"https:\/\/konkursrobot.dk\/?s={search_term_string}"},"query-input":{"@type":"PropertyValueSpecification","valueRequired":true,"valueName":"search_term_string"}}],"inLanguage":"en-GB"},{"@type":"Organization","@id":"https:\/\/konkursrobot.dk\/#organization","name":"Konkurs Robot","url":"https:\/\/konkursrobot.dk\/","logo":{"@type":"ImageObject","inLanguage":"en-GB","@id":"https:\/\/konkursrobot.dk\/#\/schema\/logo\/image\/","url":"https:\/\/konkursrobot.dk\/wp-content\/uploads\/BELLAINTEL_LOGO_long-2.png","contentUrl":"https:\/\/konkursrobot.dk\/wp-content\/uploads\/BELLAINTEL_LOGO_long-2.png","width":612,"height":257,"caption":"Konkurs Robot"},"image":{"@id":"https:\/\/konkursrobot.dk\/#\/schema\/logo\/image\/"}}]}},"_links":{"self":[{"href":"https:\/\/konkursrobot.dk\/en\/wp-json\/wp\/v2\/pages\/1064","targetHints":{"allow":["GET"]}}],"collection":[{"href":"https:\/\/konkursrobot.dk\/en\/wp-json\/wp\/v2\/pages"}],"about":[{"href":"https:\/\/konkursrobot.dk\/en\/wp-json\/wp\/v2\/types\/page"}],"author":[{"embeddable":true,"href":"https:\/\/konkursrobot.dk\/en\/wp-json\/wp\/v2\/users\/1"}],"replies":[{"embeddable":true,"href":"https:\/\/konkursrobot.dk\/en\/wp-json\/wp\/v2\/comments?post=1064"}],"version-history":[{"count":3,"href":"https:\/\/konkursrobot.dk\/en\/wp-json\/wp\/v2\/pages\/1064\/revisions"}],"predecessor-version":[{"id":3605,"href":"https:\/\/konkursrobot.dk\/en\/wp-json\/wp\/v2\/pages\/1064\/revisions\/3605"}],"wp:attachment":[{"href":"https:\/\/konkursrobot.dk\/en\/wp-json\/wp\/v2\/media?parent=1064"}],"curies":[{"name":"wp","href":"https:\/\/api.w.org\/{rel}","templated":true}]}}