{"id":1088,"date":"2023-11-01T14:31:17","date_gmt":"2023-11-01T13:31:17","guid":{"rendered":"https:\/\/konkursrobot.dk\/kontakt\/"},"modified":"2025-04-14T15:50:51","modified_gmt":"2025-04-14T13:50:51","slug":"kontakt","status":"publish","type":"page","link":"https:\/\/konkursrobot.dk\/no\/kontakt\/","title":{"rendered":"Kontakt"},"content":{"rendered":"\t\t<div data-elementor-type=\"wp-post\" data-elementor-id=\"1088\" class=\"elementor elementor-1088\" data-elementor-post-type=\"page\">\n\t\t\t\t<div class=\"elementor-element elementor-element-41d4963 e-flex e-con-boxed e-con e-parent\" data-id=\"41d4963\" data-element_type=\"container\" data-e-type=\"container\" data-settings=\"{&quot;background_background&quot;:&quot;classic&quot;}\">\n\t\t\t\t\t<div class=\"e-con-inner\">\n\t\t<div class=\"elementor-element elementor-element-1a02893 e-con-full e-flex elementor-invisible e-con e-child\" data-id=\"1a02893\" data-element_type=\"container\" data-e-type=\"container\" data-settings=\"{&quot;animation&quot;:&quot;fadeInUp&quot;,&quot;background_background&quot;:&quot;classic&quot;}\">\n\t\t\t\t<div class=\"elementor-element elementor-element-0dcf5f8 elementor-widget elementor-widget-text-editor\" data-id=\"0dcf5f8\" data-element_type=\"widget\" data-e-type=\"widget\" data-widget_type=\"text-editor.default\">\n\t\t\t\t<div class=\"elementor-widget-container\">\n\t\t\t\t\t\t\t\t\t<p>Har du sp\u00f8rgsm\u00e5l, eller \u00f8nsker du at h\u00f8re mere om, hvordan BELLA kan optimere din konkursbehandling? Vi st\u00e5r klar til at hj\u00e6lpe dig.<\/p>\t\t\t\t\t\t\t\t<\/div>\n\t\t\t\t<\/div>\n\t\t\t\t<div class=\"elementor-element elementor-element-f245b38 elementor-hidden-mobile elementor-button-align-stretch elementor-widget elementor-widget-form\" data-id=\"f245b38\" data-element_type=\"widget\" data-e-type=\"widget\" data-settings=\"{&quot;button_width_tablet&quot;:&quot;100&quot;,&quot;step_next_label&quot;:&quot;N\\u00e6ste&quot;,&quot;step_previous_label&quot;:&quot;Tidligere&quot;,&quot;button_width&quot;:&quot;100&quot;,&quot;step_type&quot;:&quot;number_text&quot;,&quot;step_icon_shape&quot;:&quot;circle&quot;}\" data-widget_type=\"form.default\">\n\t\t\t\t<div class=\"elementor-widget-container\">\n\t\t\t\t\t\t\t<form class=\"elementor-form\" method=\"post\" name=\"Ny formular\" aria-label=\"Ny formular\">\n\t\t\t<input type=\"hidden\" name=\"post_id\" value=\"1088\"\/>\n\t\t\t<input type=\"hidden\" name=\"form_id\" value=\"f245b38\"\/>\n\t\t\t<input type=\"hidden\" name=\"referer_title\" value=\"Konkurs Robot\" \/>\n\n\t\t\t\n\t\t\t<div class=\"elementor-form-fields-wrapper elementor-labels-\">\n\t\t\t\t\t\t\t\t<div class=\"elementor-field-type-text elementor-field-group elementor-column elementor-field-group-name elementor-col-100 elementor-md-100\">\n\t\t\t\t\t\t\t\t\t\t\t\t<label for=\"form-field-name\" class=\"elementor-field-label elementor-screen-only\">\n\t\t\t\t\t\t\t\tNavn\t\t\t\t\t\t\t<\/label>\n\t\t\t\t\t\t\t\t\t\t\t\t\t\t<input size=\"1\" type=\"text\" name=\"form_fields[name]\" id=\"form-field-name\" class=\"elementor-field elementor-size-sm  elementor-field-textual\" placeholder=\"Navn\">\n\t\t\t\t\t\t\t\t\t\t\t<\/div>\n\t\t\t\t\t\t\t\t<div class=\"elementor-field-type-email elementor-field-group elementor-column elementor-field-group-email elementor-col-100 elementor-md-100 elementor-field-required\">\n\t\t\t\t\t\t\t\t\t\t\t\t<label for=\"form-field-email\" class=\"elementor-field-label elementor-screen-only\">\n\t\t\t\t\t\t\t\tE-mail\t\t\t\t\t\t\t<\/label>\n\t\t\t\t\t\t\t\t\t\t\t\t\t\t<input size=\"1\" type=\"email\" name=\"form_fields[email]\" id=\"form-field-email\" class=\"elementor-field elementor-size-sm  elementor-field-textual\" placeholder=\"E-mail\" required=\"required\">\n\t\t\t\t\t\t\t\t\t\t\t<\/div>\n\t\t\t\t\t\t\t\t<div class=\"elementor-field-type-textarea elementor-field-group elementor-column elementor-field-group-message elementor-col-100 elementor-md-100\">\n\t\t\t\t\t\t\t\t\t\t\t\t<label for=\"form-field-message\" class=\"elementor-field-label elementor-screen-only\">\n\t\t\t\t\t\t\t\tMeddelelse\t\t\t\t\t\t\t<\/label>\n\t\t\t\t\t\t<textarea class=\"elementor-field-textual elementor-field  elementor-size-sm\" name=\"form_fields[message]\" id=\"form-field-message\" rows=\"4\" placeholder=\"Meddelelse\"><\/textarea>\t\t\t\t<\/div>\n\t\t\t\t\t\t\t\t<div class=\"elementor-field-group elementor-column elementor-field-type-submit elementor-col-100 e-form__buttons elementor-md-100\">\n\t\t\t\t\t<button class=\"elementor-button elementor-size-sm elementor-animation-float\" type=\"submit\">\n\t\t\t\t\t\t<span class=\"elementor-button-content-wrapper\">\n\t\t\t\t\t\t\t\t\t\t\t\t\t\t\t\t\t\t\t\t\t\t<span class=\"elementor-button-text\">Send<\/span>\n\t\t\t\t\t\t\t\t\t\t\t\t\t<\/span>\n\t\t\t\t\t<\/button>\n\t\t\t\t<\/div>\n\t\t\t<\/div>\n\t\t<input\n                    class=\"apbct_special_field apbct_email_id__elementor_form\"\n                    name=\"apbct__email_id__elementor_form\"\n                    aria-label=\"apbct__label_id__elementor_form\"\n                    type=\"text\" size=\"30\" maxlength=\"200\" autocomplete=\"off\"\n                    value=\"\"\n                \/><\/form>\n\t\t\t\t\t\t<\/div>\n\t\t\t\t<\/div>\n\t\t\t\t<\/div>\n\t\t<div class=\"elementor-element elementor-element-0a0a69c e-con-full e-flex e-con e-child\" data-id=\"0a0a69c\" data-element_type=\"container\" data-e-type=\"container\">\n\t\t\t\t<div class=\"elementor-element elementor-element-1c317ea elementor-widget__width-initial elementor-widget elementor-widget-heading\" data-id=\"1c317ea\" data-element_type=\"widget\" data-e-type=\"widget\" data-widget_type=\"heading.default\">\n\t\t\t\t<div class=\"elementor-widget-container\">\n\t\t\t\t\t<h1 class=\"elementor-heading-title elementor-size-default\">Kontakt os<\/h1>\t\t\t\t<\/div>\n\t\t\t\t<\/div>\n\t\t\t\t<div class=\"elementor-element elementor-element-e785716 elementor-widget-tablet__width-inherit elementor-widget__width-initial elementor-widget elementor-widget-text-editor\" data-id=\"e785716\" data-element_type=\"widget\" data-e-type=\"widget\" data-widget_type=\"text-editor.default\">\n\t\t\t\t<div class=\"elementor-widget-container\">\n\t\t\t\t\t\t\t\t\t<p>Vores abonnement inkluderer drift, hosting, support, videreudvikling og onboarding \u2013 s\u00e5 du altid er i trygge h\u00e6nder.<\/p>\t\t\t\t\t\t\t\t<\/div>\n\t\t\t\t<\/div>\n\t\t\t\t<div class=\"elementor-element elementor-element-c287120 elementor-align-start elementor-mobile-align-start elementor-widget__width-initial elementor-tablet-align-start elementor-icon-list--layout-traditional elementor-list-item-link-full_width elementor-widget elementor-widget-icon-list\" data-id=\"c287120\" data-element_type=\"widget\" data-e-type=\"widget\" data-widget_type=\"icon-list.default\">\n\t\t\t\t<div class=\"elementor-widget-container\">\n\t\t\t\t\t\t\t<ul class=\"elementor-icon-list-items\">\n\t\t\t\t\t\t\t<li class=\"elementor-icon-list-item\">\n\t\t\t\t\t\t\t\t\t\t\t<a href=\"tel:%20+45%2033%2074%2007%2040\">\n\n\t\t\t\t\t\t\t\t\t\t\t<span class=\"elementor-icon-list-text\">+45 33 74 07 40<\/span>\n\t\t\t\t\t\t\t\t\t\t\t<\/a>\n\t\t\t\t\t\t\t\t\t<\/li>\n\t\t\t\t\t\t\t\t<li class=\"elementor-icon-list-item\">\n\t\t\t\t\t\t\t\t\t\t\t<a href=\"mailto:%20bella@karnovgroup.com\">\n\n\t\t\t\t\t\t\t\t\t\t\t<span class=\"elementor-icon-list-text\">bella@karnovgroup.com<\/span>\n\t\t\t\t\t\t\t\t\t\t\t<\/a>\n\t\t\t\t\t\t\t\t\t<\/li>\n\t\t\t\t\t\t\t\t<li class=\"elementor-icon-list-item\">\n\t\t\t\t\t\t\t\t\t\t<span class=\"elementor-icon-list-text\">CVR 39135272<\/span>\n\t\t\t\t\t\t\t\t\t<\/li>\n\t\t\t\t\t\t<\/ul>\n\t\t\t\t\t\t<\/div>\n\t\t\t\t<\/div>\n\t\t\t\t<\/div>\n\t\t\t\t\t<\/div>\n\t\t\t\t<\/div>\n\t\t\t\t<\/div>\n\t\t","protected":false},"excerpt":{"rendered":"<p>Har du sp\u00f8rgsm\u00e5l, eller \u00f8nsker du at h\u00f8re mere om, hvordan BELLA kan optimere din konkursbehandling? Vi st\u00e5r klar til at hj\u00e6lpe dig. Kontakt os Vores abonnement inkluderer drift, hosting, support, videreudvikling og onboarding \u2013 s\u00e5 du altid er i trygge h\u00e6nder. +45 33 74 07 40 bella@karnovgroup.com CVR 39135272<\/p>","protected":false},"author":1,"featured_media":0,"parent":0,"menu_order":0,"comment_status":"closed","ping_status":"closed","template":"","meta":{"_acf_changed":false,"footnotes":""},"class_list":["post-1088","page","type-page","status-publish","hentry"],"acf":[],"yoast_head":"<!-- This site is optimized with the Yoast SEO plugin v27.5 - https:\/\/yoast.com\/product\/yoast-seo-wordpress\/ -->\n<title>Kontakt - Konkurs Robot<\/title>\n<meta name=\"robots\" content=\"index, follow, max-snippet:-1, max-image-preview:large, max-video-preview:-1\" \/>\n<link rel=\"canonical\" href=\"https:\/\/konkursrobot.dk\/no\/kontakt\/\" \/>\n<meta property=\"og:locale\" content=\"nn_NO\" \/>\n<meta property=\"og:type\" content=\"article\" \/>\n<meta property=\"og:title\" content=\"Kontakt - Konkurs Robot\" \/>\n<meta property=\"og:description\" content=\"Har du sp\u00f8rgsm\u00e5l, eller \u00f8nsker du at h\u00f8re mere om, hvordan BELLA kan optimere din konkursbehandling? Vi st\u00e5r klar til at hj\u00e6lpe dig. Kontakt os Vores abonnement inkluderer drift, hosting, support, videreudvikling og onboarding \u2013 s\u00e5 du altid er i trygge h\u00e6nder. +45 33 74 07 40 bella@karnovgroup.com CVR 39135272\" \/>\n<meta property=\"og:url\" content=\"https:\/\/konkursrobot.dk\/no\/kontakt\/\" \/>\n<meta property=\"og:site_name\" content=\"Konkurs Robot\" \/>\n<meta property=\"article:modified_time\" content=\"2025-04-14T13:50:51+00:00\" \/>\n<meta name=\"twitter:card\" content=\"summary_large_image\" \/>\n<meta name=\"twitter:label1\" content=\"Est. reading time\" \/>\n\t<meta name=\"twitter:data1\" content=\"1 minutt\" \/>\n<script type=\"application\/ld+json\" class=\"yoast-schema-graph\">{\"@context\":\"https:\\\/\\\/schema.org\",\"@graph\":[{\"@type\":\"WebPage\",\"@id\":\"https:\\\/\\\/konkursrobot.dk\\\/kontakt\\\/\",\"url\":\"https:\\\/\\\/konkursrobot.dk\\\/kontakt\\\/\",\"name\":\"Kontakt - Konkurs Robot\",\"isPartOf\":{\"@id\":\"https:\\\/\\\/konkursrobot.dk\\\/#website\"},\"datePublished\":\"2023-11-01T13:31:17+00:00\",\"dateModified\":\"2025-04-14T13:50:51+00:00\",\"inLanguage\":\"nn-NO\",\"potentialAction\":[{\"@type\":\"ReadAction\",\"target\":[\"https:\\\/\\\/konkursrobot.dk\\\/kontakt\\\/\"]}]},{\"@type\":\"WebSite\",\"@id\":\"https:\\\/\\\/konkursrobot.dk\\\/#website\",\"url\":\"https:\\\/\\\/konkursrobot.dk\\\/\",\"name\":\"Konkurs Robot\",\"description\":\"\",\"publisher\":{\"@id\":\"https:\\\/\\\/konkursrobot.dk\\\/#organization\"},\"potentialAction\":[{\"@type\":\"SearchAction\",\"target\":{\"@type\":\"EntryPoint\",\"urlTemplate\":\"https:\\\/\\\/konkursrobot.dk\\\/?s={search_term_string}\"},\"query-input\":{\"@type\":\"PropertyValueSpecification\",\"valueRequired\":true,\"valueName\":\"search_term_string\"}}],\"inLanguage\":\"nn-NO\"},{\"@type\":\"Organization\",\"@id\":\"https:\\\/\\\/konkursrobot.dk\\\/#organization\",\"name\":\"Konkurs Robot\",\"url\":\"https:\\\/\\\/konkursrobot.dk\\\/\",\"logo\":{\"@type\":\"ImageObject\",\"inLanguage\":\"nn-NO\",\"@id\":\"https:\\\/\\\/konkursrobot.dk\\\/#\\\/schema\\\/logo\\\/image\\\/\",\"url\":\"https:\\\/\\\/konkursrobot.dk\\\/wp-content\\\/uploads\\\/BELLAINTEL_LOGO_long-2.png\",\"contentUrl\":\"https:\\\/\\\/konkursrobot.dk\\\/wp-content\\\/uploads\\\/BELLAINTEL_LOGO_long-2.png\",\"width\":612,\"height\":257,\"caption\":\"Konkurs Robot\"},\"image\":{\"@id\":\"https:\\\/\\\/konkursrobot.dk\\\/#\\\/schema\\\/logo\\\/image\\\/\"}}]}<\/script>\n<!-- \/ Yoast SEO plugin. -->","yoast_head_json":{"title":"Kontakt - Konkurs Robot","robots":{"index":"index","follow":"follow","max-snippet":"max-snippet:-1","max-image-preview":"max-image-preview:large","max-video-preview":"max-video-preview:-1"},"canonical":"https:\/\/konkursrobot.dk\/no\/kontakt\/","og_locale":"nn_NO","og_type":"article","og_title":"Kontakt - Konkurs Robot","og_description":"Har du sp\u00f8rgsm\u00e5l, eller \u00f8nsker du at h\u00f8re mere om, hvordan BELLA kan optimere din konkursbehandling? Vi st\u00e5r klar til at hj\u00e6lpe dig. Kontakt os Vores abonnement inkluderer drift, hosting, support, videreudvikling og onboarding \u2013 s\u00e5 du altid er i trygge h\u00e6nder. +45 33 74 07 40 bella@karnovgroup.com CVR 39135272","og_url":"https:\/\/konkursrobot.dk\/no\/kontakt\/","og_site_name":"Konkurs Robot","article_modified_time":"2025-04-14T13:50:51+00:00","twitter_card":"summary_large_image","twitter_misc":{"Est. reading time":"1 minutt"},"schema":{"@context":"https:\/\/schema.org","@graph":[{"@type":"WebPage","@id":"https:\/\/konkursrobot.dk\/kontakt\/","url":"https:\/\/konkursrobot.dk\/kontakt\/","name":"Kontakt - Konkurs Robot","isPartOf":{"@id":"https:\/\/konkursrobot.dk\/#website"},"datePublished":"2023-11-01T13:31:17+00:00","dateModified":"2025-04-14T13:50:51+00:00","inLanguage":"nn-NO","potentialAction":[{"@type":"ReadAction","target":["https:\/\/konkursrobot.dk\/kontakt\/"]}]},{"@type":"WebSite","@id":"https:\/\/konkursrobot.dk\/#website","url":"https:\/\/konkursrobot.dk\/","name":"Konkurs Robot","description":"","publisher":{"@id":"https:\/\/konkursrobot.dk\/#organization"},"potentialAction":[{"@type":"SearchAction","target":{"@type":"EntryPoint","urlTemplate":"https:\/\/konkursrobot.dk\/?s={search_term_string}"},"query-input":{"@type":"PropertyValueSpecification","valueRequired":true,"valueName":"search_term_string"}}],"inLanguage":"nn-NO"},{"@type":"Organization","@id":"https:\/\/konkursrobot.dk\/#organization","name":"Konkurs Robot","url":"https:\/\/konkursrobot.dk\/","logo":{"@type":"ImageObject","inLanguage":"nn-NO","@id":"https:\/\/konkursrobot.dk\/#\/schema\/logo\/image\/","url":"https:\/\/konkursrobot.dk\/wp-content\/uploads\/BELLAINTEL_LOGO_long-2.png","contentUrl":"https:\/\/konkursrobot.dk\/wp-content\/uploads\/BELLAINTEL_LOGO_long-2.png","width":612,"height":257,"caption":"Konkurs Robot"},"image":{"@id":"https:\/\/konkursrobot.dk\/#\/schema\/logo\/image\/"}}]}},"_links":{"self":[{"href":"https:\/\/konkursrobot.dk\/no\/wp-json\/wp\/v2\/pages\/1088","targetHints":{"allow":["GET"]}}],"collection":[{"href":"https:\/\/konkursrobot.dk\/no\/wp-json\/wp\/v2\/pages"}],"about":[{"href":"https:\/\/konkursrobot.dk\/no\/wp-json\/wp\/v2\/types\/page"}],"author":[{"embeddable":true,"href":"https:\/\/konkursrobot.dk\/no\/wp-json\/wp\/v2\/users\/1"}],"replies":[{"embeddable":true,"href":"https:\/\/konkursrobot.dk\/no\/wp-json\/wp\/v2\/comments?post=1088"}],"version-history":[{"count":3,"href":"https:\/\/konkursrobot.dk\/no\/wp-json\/wp\/v2\/pages\/1088\/revisions"}],"predecessor-version":[{"id":3539,"href":"https:\/\/konkursrobot.dk\/no\/wp-json\/wp\/v2\/pages\/1088\/revisions\/3539"}],"wp:attachment":[{"href":"https:\/\/konkursrobot.dk\/no\/wp-json\/wp\/v2\/media?parent=1088"}],"curies":[{"name":"wp","href":"https:\/\/api.w.org\/{rel}","templated":true}]}}