{"id":1549,"date":"2025-01-29T08:31:16","date_gmt":"2025-01-29T07:31:16","guid":{"rendered":"https:\/\/konkursrobot.dk\/?page_id=1549"},"modified":"2025-04-07T10:05:55","modified_gmt":"2025-04-07T08:05:55","slug":"services","status":"publish","type":"page","link":"https:\/\/konkursrobot.dk\/se\/services\/","title":{"rendered":"Tj\u00e4nster"},"content":{"rendered":"\t\t<div data-elementor-type=\"wp-page\" data-elementor-id=\"1549\" class=\"elementor elementor-1549\" data-elementor-post-type=\"page\">\n\t\t\t\t<div class=\"elementor-element elementor-element-85670f2 e-flex e-con-boxed e-con e-parent\" data-id=\"85670f2\" data-element_type=\"container\" data-e-type=\"container\" data-settings=\"{&quot;background_background&quot;:&quot;classic&quot;}\">\n\t\t\t\t\t<div class=\"e-con-inner\">\n\t\t<div class=\"elementor-element elementor-element-669aa65 e-con-full e-flex e-con e-child\" data-id=\"669aa65\" data-element_type=\"container\" data-e-type=\"container\">\n\t\t\t\t<div class=\"elementor-element elementor-element-c2acea4 elementor-widget elementor-widget-heading\" data-id=\"c2acea4\" data-element_type=\"widget\" data-e-type=\"widget\" data-widget_type=\"heading.default\">\n\t\t\t\t<div class=\"elementor-widget-container\">\n\t\t\t\t\t<h2 class=\"elementor-heading-title elementor-size-default\">Migrering af data fra Advosys til BELLA Intelligence<\/h2>\t\t\t\t<\/div>\n\t\t\t\t<\/div>\n\t\t\t\t<div class=\"elementor-element elementor-element-e413c48 elementor-widget elementor-widget-text-editor\" data-id=\"e413c48\" data-element_type=\"widget\" data-e-type=\"widget\" data-widget_type=\"text-editor.default\">\n\t\t\t\t<div class=\"elementor-widget-container\">\n\t\t\t\t\t\t\t\t\t<p>Vi kan s\u00f8rge for migrering af jeres nuv\u00e6rende data fra Advosys til BELLA, og hj\u00e6lper jer fra A-Z.<\/p>\t\t\t\t\t\t\t\t<\/div>\n\t\t\t\t<\/div>\n\t\t\t\t<\/div>\n\t\t<div class=\"elementor-element elementor-element-0716044 e-con-full e-flex elementor-invisible e-con e-child\" data-id=\"0716044\" data-element_type=\"container\" data-e-type=\"container\" data-settings=\"{&quot;animation&quot;:&quot;fadeInUp&quot;}\">\n\t\t\t\t<div class=\"elementor-element elementor-element-a88d429 elementor-widget elementor-widget-image\" data-id=\"a88d429\" data-element_type=\"widget\" data-e-type=\"widget\" data-widget_type=\"image.default\">\n\t\t\t\t<div class=\"elementor-widget-container\">\n\t\t\t\t\t\t\t\t\t\t\t\t\t\t\t<img fetchpriority=\"high\" decoding=\"async\" width=\"800\" height=\"800\" src=\"https:\/\/konkursrobot.dk\/wp-content\/uploads\/inte-1024x1024.jpg\" class=\"attachment-large size-large wp-image-1809\" alt=\"\" srcset=\"https:\/\/konkursrobot.dk\/wp-content\/uploads\/inte-1024x1024.jpg 1024w, https:\/\/konkursrobot.dk\/wp-content\/uploads\/inte-300x300.jpg 300w, https:\/\/konkursrobot.dk\/wp-content\/uploads\/inte-150x150.jpg 150w, https:\/\/konkursrobot.dk\/wp-content\/uploads\/inte-768x768.jpg 768w, https:\/\/konkursrobot.dk\/wp-content\/uploads\/inte-1536x1536.jpg 1536w, https:\/\/konkursrobot.dk\/wp-content\/uploads\/inte.jpg 2000w\" sizes=\"(max-width: 800px) 100vw, 800px\" \/>\t\t\t\t\t\t\t\t\t\t\t\t\t\t\t<\/div>\n\t\t\t\t<\/div>\n\t\t\t\t<\/div>\n\t\t\t\t\t<\/div>\n\t\t\t\t<\/div>\n\t\t<div class=\"elementor-element elementor-element-c40c6e2 e-flex e-con-boxed e-con e-parent\" data-id=\"c40c6e2\" data-element_type=\"container\" data-e-type=\"container\" data-settings=\"{&quot;background_background&quot;:&quot;classic&quot;}\">\n\t\t\t\t\t<div class=\"e-con-inner\">\n\t\t<div class=\"elementor-element elementor-element-b6a1fa1 e-con-full e-flex e-con e-child\" data-id=\"b6a1fa1\" data-element_type=\"container\" data-e-type=\"container\">\n\t\t\t\t<div class=\"elementor-element elementor-element-e07e0d2 elementor-widget elementor-widget-heading\" data-id=\"e07e0d2\" data-element_type=\"widget\" data-e-type=\"widget\" data-widget_type=\"heading.default\">\n\t\t\t\t<div class=\"elementor-widget-container\">\n\t\t\t\t\t<h2 class=\"elementor-heading-title elementor-size-default\">IT r\u00e5dgivning til advokater<\/h2>\t\t\t\t<\/div>\n\t\t\t\t<\/div>\n\t\t\t\t<div class=\"elementor-element elementor-element-b5d591c elementor-widget elementor-widget-text-editor\" data-id=\"b5d591c\" data-element_type=\"widget\" data-e-type=\"widget\" data-widget_type=\"text-editor.default\">\n\t\t\t\t<div class=\"elementor-widget-container\">\n\t\t\t\t\t\t\t\t\t<p>Vi tilbyder IT r\u00e5dgivning til advokater med speciale i insolvens og rekonstruktion. Vi har 5 \u00e5rs erfaring med IT implementeringer i advokatbranchen og kan hj\u00e6lpe med diverse problemstilinger &#8211; kontakt os til en uforpligtende og gratis samtale!<\/p>\t\t\t\t\t\t\t\t<\/div>\n\t\t\t\t<\/div>\n\t\t\t\t<\/div>\n\t\t<div class=\"elementor-element elementor-element-c4312f2 e-con-full e-flex elementor-invisible e-con e-child\" data-id=\"c4312f2\" data-element_type=\"container\" data-e-type=\"container\" data-settings=\"{&quot;animation&quot;:&quot;fadeInUp&quot;}\">\n\t\t\t\t<div class=\"elementor-element elementor-element-13a9fec elementor-widget elementor-widget-image\" data-id=\"13a9fec\" data-element_type=\"widget\" data-e-type=\"widget\" data-widget_type=\"image.default\">\n\t\t\t\t<div class=\"elementor-widget-container\">\n\t\t\t\t\t\t\t\t\t\t\t\t\t\t\t<img decoding=\"async\" width=\"800\" height=\"800\" src=\"https:\/\/konkursrobot.dk\/wp-content\/uploads\/single-1024x1024.jpg\" class=\"attachment-large size-large wp-image-1810\" alt=\"\" srcset=\"https:\/\/konkursrobot.dk\/wp-content\/uploads\/single-1024x1024.jpg 1024w, https:\/\/konkursrobot.dk\/wp-content\/uploads\/single-300x300.jpg 300w, https:\/\/konkursrobot.dk\/wp-content\/uploads\/single-150x150.jpg 150w, https:\/\/konkursrobot.dk\/wp-content\/uploads\/single-768x768.jpg 768w, https:\/\/konkursrobot.dk\/wp-content\/uploads\/single-1536x1536.jpg 1536w, https:\/\/konkursrobot.dk\/wp-content\/uploads\/single.jpg 2000w\" sizes=\"(max-width: 800px) 100vw, 800px\" \/>\t\t\t\t\t\t\t\t\t\t\t\t\t\t\t<\/div>\n\t\t\t\t<\/div>\n\t\t\t\t<\/div>\n\t\t\t\t\t<\/div>\n\t\t\t\t<\/div>\n\t\t<div class=\"elementor-element elementor-element-68a6467 e-flex e-con-boxed e-con e-parent\" data-id=\"68a6467\" data-element_type=\"container\" data-e-type=\"container\" data-settings=\"{&quot;background_background&quot;:&quot;classic&quot;}\">\n\t\t\t\t\t<div class=\"e-con-inner\">\n\t\t<div class=\"elementor-element elementor-element-96827b1 e-con-full e-flex elementor-invisible e-con e-child\" data-id=\"96827b1\" data-element_type=\"container\" data-e-type=\"container\" data-settings=\"{&quot;animation&quot;:&quot;fadeInUp&quot;}\">\n\t\t\t\t<div class=\"elementor-element elementor-element-0185f4e elementor-widget elementor-widget-image\" data-id=\"0185f4e\" data-element_type=\"widget\" data-e-type=\"widget\" data-widget_type=\"image.default\">\n\t\t\t\t<div class=\"elementor-widget-container\">\n\t\t\t\t\t\t\t\t\t\t\t\t\t\t\t<img decoding=\"async\" width=\"2000\" height=\"2000\" src=\"https:\/\/konkursrobot.dk\/wp-content\/uploads\/6310507.jpg\" class=\"attachment-full size-full wp-image-1894\" alt=\"\" srcset=\"https:\/\/konkursrobot.dk\/wp-content\/uploads\/6310507.jpg 2000w, https:\/\/konkursrobot.dk\/wp-content\/uploads\/6310507-300x300.jpg 300w, https:\/\/konkursrobot.dk\/wp-content\/uploads\/6310507-1024x1024.jpg 1024w, https:\/\/konkursrobot.dk\/wp-content\/uploads\/6310507-150x150.jpg 150w, https:\/\/konkursrobot.dk\/wp-content\/uploads\/6310507-768x768.jpg 768w, https:\/\/konkursrobot.dk\/wp-content\/uploads\/6310507-1536x1536.jpg 1536w\" sizes=\"(max-width: 2000px) 100vw, 2000px\" \/>\t\t\t\t\t\t\t\t\t\t\t\t\t\t\t<\/div>\n\t\t\t\t<\/div>\n\t\t\t\t<\/div>\n\t\t<div class=\"elementor-element elementor-element-68fb543 e-con-full e-flex e-con e-child\" data-id=\"68fb543\" data-element_type=\"container\" data-e-type=\"container\">\n\t\t\t\t<div class=\"elementor-element elementor-element-fc882ff elementor-widget elementor-widget-heading\" data-id=\"fc882ff\" data-element_type=\"widget\" data-e-type=\"widget\" data-widget_type=\"heading.default\">\n\t\t\t\t<div class=\"elementor-widget-container\">\n\t\t\t\t\t<h2 class=\"elementor-heading-title elementor-size-default\">Integration med diverse advokatsystemer<\/h2>\t\t\t\t<\/div>\n\t\t\t\t<\/div>\n\t\t\t\t<div class=\"elementor-element elementor-element-e0c2aee elementor-widget elementor-widget-text-editor\" data-id=\"e0c2aee\" data-element_type=\"widget\" data-e-type=\"widget\" data-widget_type=\"text-editor.default\">\n\t\t\t\t<div class=\"elementor-widget-container\">\n\t\t\t\t\t\t\t\t\t<p><span data-teams=\"true\">Vi har integrationer med diverse advokatsystemer som f.eks. Legis365 og kan derfor garantere en problemfri oplevelse for vores kunder. Vi tager ansvaret for selve integrationen og samspillet med de respektive advokatsystemer, s\u00e5ledes at vores kunder kan fokusere p\u00e5 deres kerneforretning uden bekymringer.<\/span><\/p>\t\t\t\t\t\t\t\t<\/div>\n\t\t\t\t<\/div>\n\t\t\t\t<div class=\"elementor-element elementor-element-2aa005e elementor-widget elementor-widget-image\" data-id=\"2aa005e\" data-element_type=\"widget\" data-e-type=\"widget\" data-widget_type=\"image.default\">\n\t\t\t\t<div class=\"elementor-widget-container\">\n\t\t\t\t\t\t\t\t\t\t\t\t\t\t\t<img loading=\"lazy\" decoding=\"async\" width=\"382\" height=\"91\" src=\"https:\/\/konkursrobot.dk\/wp-content\/uploads\/image31.png\" class=\"attachment-large size-large wp-image-2203\" alt=\"\" srcset=\"https:\/\/konkursrobot.dk\/wp-content\/uploads\/image31.png 382w, https:\/\/konkursrobot.dk\/wp-content\/uploads\/image31-300x71.png 300w\" sizes=\"(max-width: 382px) 100vw, 382px\" \/>\t\t\t\t\t\t\t\t\t\t\t\t\t\t\t<\/div>\n\t\t\t\t<\/div>\n\t\t\t\t<\/div>\n\t\t\t\t\t<\/div>\n\t\t\t\t<\/div>\n\t\t<div class=\"elementor-element elementor-element-fcf2ade e-flex e-con-boxed e-con e-parent\" data-id=\"fcf2ade\" data-element_type=\"container\" data-e-type=\"container\" data-settings=\"{&quot;background_background&quot;:&quot;classic&quot;}\">\n\t\t\t\t\t<div class=\"e-con-inner\">\n\t\t<div class=\"elementor-element elementor-element-ce51c2f e-con-full e-flex e-con e-child\" data-id=\"ce51c2f\" data-element_type=\"container\" data-e-type=\"container\">\n\t\t\t\t<div class=\"elementor-element elementor-element-70bd7e8 elementor-widget__width-initial elementor-widget elementor-widget-heading\" data-id=\"70bd7e8\" data-element_type=\"widget\" data-e-type=\"widget\" data-widget_type=\"heading.default\">\n\t\t\t\t<div class=\"elementor-widget-container\">\n\t\t\t\t\t<h2 class=\"elementor-heading-title elementor-size-default\">Har du sp\u00f8rgsm\u00e5l? Lad os tage en snak<\/h2>\t\t\t\t<\/div>\n\t\t\t\t<\/div>\n\t\t\t\t<div class=\"elementor-element elementor-element-b613641 elementor-widget__width-initial elementor-widget-mobile__width-inherit elementor-widget elementor-widget-text-editor\" data-id=\"b613641\" data-element_type=\"widget\" data-e-type=\"widget\" data-widget_type=\"text-editor.default\">\n\t\t\t\t<div class=\"elementor-widget-container\">\n\t\t\t\t\t\t\t\t\t<p>Har du sp\u00f8rgsm\u00e5l, eller \u00f8nsker du at h\u00f8re mere om, hvordan BELLA kan optimere din konkursbehandling? Vi st\u00e5r klar til at hj\u00e6lpe dig.<\/p>\t\t\t\t\t\t\t\t<\/div>\n\t\t\t\t<\/div>\n\t\t\t\t<\/div>\n\t\t<div class=\"elementor-element elementor-element-64a7214 e-con-full e-flex e-con e-child\" data-id=\"64a7214\" data-element_type=\"container\" data-e-type=\"container\">\n\t\t\t\t<div class=\"elementor-element elementor-element-c3a0522 elementor-hidden-mobile elementor-widget__width-initial elementor-widget-mobile__width-inherit elementor-button-align-stretch elementor-widget elementor-widget-form\" data-id=\"c3a0522\" data-element_type=\"widget\" data-e-type=\"widget\" data-settings=\"{&quot;button_width&quot;:&quot;20&quot;,&quot;button_width_tablet&quot;:&quot;30&quot;,&quot;step_next_label&quot;:&quot;N\\u00e6ste&quot;,&quot;step_previous_label&quot;:&quot;Tidligere&quot;,&quot;step_type&quot;:&quot;number_text&quot;,&quot;step_icon_shape&quot;:&quot;circle&quot;}\" data-widget_type=\"form.default\">\n\t\t\t\t<div class=\"elementor-widget-container\">\n\t\t\t\t\t\t\t<form class=\"elementor-form\" method=\"post\" name=\"Ny formular\" aria-label=\"Ny formular\">\n\t\t\t<input type=\"hidden\" name=\"post_id\" value=\"1549\"\/>\n\t\t\t<input type=\"hidden\" name=\"form_id\" value=\"c3a0522\"\/>\n\t\t\t<input type=\"hidden\" name=\"referer_title\" value=\"Konkurs Robot\" \/>\n\n\t\t\t\n\t\t\t<div class=\"elementor-form-fields-wrapper elementor-labels-\">\n\t\t\t\t\t\t\t\t<div class=\"elementor-field-type-text elementor-field-group elementor-column elementor-field-group-name elementor-col-20 elementor-md-50\">\n\t\t\t\t\t\t\t\t\t\t\t\t<label for=\"form-field-name\" class=\"elementor-field-label elementor-screen-only\">\n\t\t\t\t\t\t\t\tNavn\t\t\t\t\t\t\t<\/label>\n\t\t\t\t\t\t\t\t\t\t\t\t\t\t<input size=\"1\" type=\"text\" name=\"form_fields[name]\" id=\"form-field-name\" class=\"elementor-field elementor-size-sm  elementor-field-textual\" placeholder=\"Navn\">\n\t\t\t\t\t\t\t\t\t\t\t<\/div>\n\t\t\t\t\t\t\t\t<div class=\"elementor-field-type-email elementor-field-group elementor-column elementor-field-group-email elementor-col-20 elementor-md-50 elementor-field-required\">\n\t\t\t\t\t\t\t\t\t\t\t\t<label for=\"form-field-email\" class=\"elementor-field-label elementor-screen-only\">\n\t\t\t\t\t\t\t\tE-mail\t\t\t\t\t\t\t<\/label>\n\t\t\t\t\t\t\t\t\t\t\t\t\t\t<input size=\"1\" type=\"email\" name=\"form_fields[email]\" id=\"form-field-email\" class=\"elementor-field elementor-size-sm  elementor-field-textual\" placeholder=\"E-mail\" required=\"required\">\n\t\t\t\t\t\t\t\t\t\t\t<\/div>\n\t\t\t\t\t\t\t\t<div class=\"elementor-field-type-textarea elementor-field-group elementor-column elementor-field-group-message elementor-col-40 elementor-md-70\">\n\t\t\t\t\t\t\t\t\t\t\t\t<label for=\"form-field-message\" class=\"elementor-field-label elementor-screen-only\">\n\t\t\t\t\t\t\t\tMeddelelse\t\t\t\t\t\t\t<\/label>\n\t\t\t\t\t\t<textarea class=\"elementor-field-textual elementor-field  elementor-size-sm\" name=\"form_fields[message]\" id=\"form-field-message\" rows=\"1\" placeholder=\"Meddelelse\"><\/textarea>\t\t\t\t<\/div>\n\t\t\t\t\t\t\t\t<div class=\"elementor-field-group elementor-column elementor-field-type-submit elementor-col-20 e-form__buttons elementor-md-30\">\n\t\t\t\t\t<button class=\"elementor-button elementor-size-sm elementor-animation-float\" type=\"submit\">\n\t\t\t\t\t\t<span class=\"elementor-button-content-wrapper\">\n\t\t\t\t\t\t\t\t\t\t\t\t\t\t\t\t\t\t\t\t\t\t<span class=\"elementor-button-text\">Send<\/span>\n\t\t\t\t\t\t\t\t\t\t\t\t\t<\/span>\n\t\t\t\t\t<\/button>\n\t\t\t\t<\/div>\n\t\t\t<\/div>\n\t\t<input\n                    class=\"apbct_special_field apbct_email_id__elementor_form\"\n                    name=\"apbct__email_id__elementor_form\"\n                    aria-label=\"apbct__label_id__elementor_form\"\n                    type=\"text\" size=\"30\" maxlength=\"200\" autocomplete=\"off\"\n                    value=\"\"\n                \/><\/form>\n\t\t\t\t\t\t<\/div>\n\t\t\t\t<\/div>\n\t\t\t\t<div class=\"elementor-element elementor-element-080b795 elementor-hidden-desktop elementor-hidden-tablet elementor-widget__width-initial elementor-widget-mobile__width-inherit elementor-button-align-stretch elementor-widget elementor-widget-form\" data-id=\"080b795\" data-element_type=\"widget\" data-e-type=\"widget\" data-settings=\"{&quot;button_width&quot;:&quot;20&quot;,&quot;button_width_tablet&quot;:&quot;30&quot;,&quot;step_next_label&quot;:&quot;N\\u00e6ste&quot;,&quot;step_previous_label&quot;:&quot;Tidligere&quot;,&quot;step_type&quot;:&quot;number_text&quot;,&quot;step_icon_shape&quot;:&quot;circle&quot;}\" data-widget_type=\"form.default\">\n\t\t\t\t<div class=\"elementor-widget-container\">\n\t\t\t\t\t\t\t<form class=\"elementor-form\" method=\"post\" name=\"Ny formular\" aria-label=\"Ny formular\">\n\t\t\t<input type=\"hidden\" name=\"post_id\" value=\"1549\"\/>\n\t\t\t<input type=\"hidden\" name=\"form_id\" value=\"080b795\"\/>\n\t\t\t<input type=\"hidden\" name=\"referer_title\" value=\"Konkurs Robot\" \/>\n\n\t\t\t\n\t\t\t<div class=\"elementor-form-fields-wrapper elementor-labels-\">\n\t\t\t\t\t\t\t\t<div class=\"elementor-field-type-text elementor-field-group elementor-column elementor-field-group-name elementor-col-20 elementor-md-50\">\n\t\t\t\t\t\t\t\t\t\t\t\t<label for=\"form-field-name\" class=\"elementor-field-label elementor-screen-only\">\n\t\t\t\t\t\t\t\tNavn\t\t\t\t\t\t\t<\/label>\n\t\t\t\t\t\t\t\t\t\t\t\t\t\t<input size=\"1\" type=\"text\" name=\"form_fields[name]\" id=\"form-field-name\" class=\"elementor-field elementor-size-sm  elementor-field-textual\" placeholder=\"Navn\">\n\t\t\t\t\t\t\t\t\t\t\t<\/div>\n\t\t\t\t\t\t\t\t<div class=\"elementor-field-type-email elementor-field-group elementor-column elementor-field-group-email elementor-col-20 elementor-md-50 elementor-field-required\">\n\t\t\t\t\t\t\t\t\t\t\t\t<label for=\"form-field-email\" class=\"elementor-field-label elementor-screen-only\">\n\t\t\t\t\t\t\t\tE-mail\t\t\t\t\t\t\t<\/label>\n\t\t\t\t\t\t\t\t\t\t\t\t\t\t<input size=\"1\" type=\"email\" name=\"form_fields[email]\" id=\"form-field-email\" class=\"elementor-field elementor-size-sm  elementor-field-textual\" placeholder=\"E-mail\" required=\"required\">\n\t\t\t\t\t\t\t\t\t\t\t<\/div>\n\t\t\t\t\t\t\t\t<div class=\"elementor-field-type-textarea elementor-field-group elementor-column elementor-field-group-message elementor-col-40 elementor-md-70\">\n\t\t\t\t\t\t\t\t\t\t\t\t<label for=\"form-field-message\" class=\"elementor-field-label elementor-screen-only\">\n\t\t\t\t\t\t\t\tMeddelelse\t\t\t\t\t\t\t<\/label>\n\t\t\t\t\t\t<textarea class=\"elementor-field-textual elementor-field  elementor-size-sm\" name=\"form_fields[message]\" id=\"form-field-message\" rows=\"4\" placeholder=\"Meddelelse\"><\/textarea>\t\t\t\t<\/div>\n\t\t\t\t\t\t\t\t<div class=\"elementor-field-group elementor-column elementor-field-type-submit elementor-col-20 e-form__buttons elementor-md-30\">\n\t\t\t\t\t<button class=\"elementor-button elementor-size-sm elementor-animation-float\" type=\"submit\">\n\t\t\t\t\t\t<span class=\"elementor-button-content-wrapper\">\n\t\t\t\t\t\t\t\t\t\t\t\t\t\t\t\t\t\t\t\t\t\t<span class=\"elementor-button-text\">Send<\/span>\n\t\t\t\t\t\t\t\t\t\t\t\t\t<\/span>\n\t\t\t\t\t<\/button>\n\t\t\t\t<\/div>\n\t\t\t<\/div>\n\t\t<input\n                    class=\"apbct_special_field apbct_email_id__elementor_form\"\n                    name=\"apbct__email_id__elementor_form\"\n                    aria-label=\"apbct__label_id__elementor_form\"\n                    type=\"text\" size=\"30\" maxlength=\"200\" autocomplete=\"off\"\n                    value=\"\"\n                \/><\/form>\n\t\t\t\t\t\t<\/div>\n\t\t\t\t<\/div>\n\t\t\t\t<\/div>\n\t\t\t\t\t<\/div>\n\t\t\t\t<\/div>\n\t\t\t\t<\/div>\n\t\t","protected":false},"excerpt":{"rendered":"<p>Migrering af data fra Advosys til BELLA Intelligence Vi kan s\u00f8rge for migrering af jeres nuv\u00e6rende data fra Advosys til BELLA, og hj\u00e6lper jer fra A-Z. IT r\u00e5dgivning til advokater Vi tilbyder IT r\u00e5dgivning til advokater med speciale i insolvens og rekonstruktion. Vi har 5 \u00e5rs erfaring med IT implementeringer i advokatbranchen og kan hj\u00e6lpe [&hellip;]<\/p>\n","protected":false},"author":1,"featured_media":0,"parent":0,"menu_order":0,"comment_status":"closed","ping_status":"closed","template":"","meta":{"_acf_changed":false,"footnotes":""},"class_list":["post-1549","page","type-page","status-publish","hentry"],"acf":[],"yoast_head":"<!-- This site is optimized with the Yoast SEO plugin v27.3 - https:\/\/yoast.com\/product\/yoast-seo-wordpress\/ -->\n<title>Services - Konkurs Robot<\/title>\n<meta name=\"robots\" content=\"index, follow, max-snippet:-1, max-image-preview:large, max-video-preview:-1\" \/>\n<link rel=\"canonical\" href=\"https:\/\/konkursrobot.dk\/se\/services\/\" \/>\n<meta property=\"og:locale\" content=\"sv_SE\" \/>\n<meta property=\"og:type\" content=\"article\" \/>\n<meta property=\"og:title\" content=\"Services - Konkurs Robot\" \/>\n<meta property=\"og:description\" content=\"Migrering af data fra Advosys til BELLA Intelligence Vi kan s\u00f8rge for migrering af jeres nuv\u00e6rende data fra Advosys til BELLA, og hj\u00e6lper jer fra A-Z. IT r\u00e5dgivning til advokater Vi tilbyder IT r\u00e5dgivning til advokater med speciale i insolvens og rekonstruktion. Vi har 5 \u00e5rs erfaring med IT implementeringer i advokatbranchen og kan hj\u00e6lpe [&hellip;]\" \/>\n<meta property=\"og:url\" content=\"https:\/\/konkursrobot.dk\/se\/services\/\" \/>\n<meta property=\"og:site_name\" content=\"Konkurs Robot\" \/>\n<meta property=\"article:modified_time\" content=\"2025-04-07T08:05:55+00:00\" \/>\n<meta property=\"og:image\" content=\"https:\/\/konkursrobot.dk\/wp-content\/uploads\/inte-1024x1024.jpg\" \/>\n<meta name=\"twitter:card\" content=\"summary_large_image\" \/>\n<meta name=\"twitter:label1\" content=\"Ber\u00e4knad l\u00e4stid\" \/>\n\t<meta name=\"twitter:data1\" content=\"2 minuter\" \/>\n<script type=\"application\/ld+json\" class=\"yoast-schema-graph\">{\"@context\":\"https:\\\/\\\/schema.org\",\"@graph\":[{\"@type\":\"WebPage\",\"@id\":\"https:\\\/\\\/konkursrobot.dk\\\/services\\\/\",\"url\":\"https:\\\/\\\/konkursrobot.dk\\\/services\\\/\",\"name\":\"Services - Konkurs Robot\",\"isPartOf\":{\"@id\":\"https:\\\/\\\/konkursrobot.dk\\\/#website\"},\"primaryImageOfPage\":{\"@id\":\"https:\\\/\\\/konkursrobot.dk\\\/services\\\/#primaryimage\"},\"image\":{\"@id\":\"https:\\\/\\\/konkursrobot.dk\\\/services\\\/#primaryimage\"},\"thumbnailUrl\":\"https:\\\/\\\/konkursrobot.dk\\\/wp-content\\\/uploads\\\/inte-1024x1024.jpg\",\"datePublished\":\"2025-01-29T07:31:16+00:00\",\"dateModified\":\"2025-04-07T08:05:55+00:00\",\"inLanguage\":\"sv-SE\",\"potentialAction\":[{\"@type\":\"ReadAction\",\"target\":[\"https:\\\/\\\/konkursrobot.dk\\\/services\\\/\"]}]},{\"@type\":\"ImageObject\",\"inLanguage\":\"sv-SE\",\"@id\":\"https:\\\/\\\/konkursrobot.dk\\\/services\\\/#primaryimage\",\"url\":\"https:\\\/\\\/konkursrobot.dk\\\/wp-content\\\/uploads\\\/inte-1024x1024.jpg\",\"contentUrl\":\"https:\\\/\\\/konkursrobot.dk\\\/wp-content\\\/uploads\\\/inte-1024x1024.jpg\"},{\"@type\":\"WebSite\",\"@id\":\"https:\\\/\\\/konkursrobot.dk\\\/#website\",\"url\":\"https:\\\/\\\/konkursrobot.dk\\\/\",\"name\":\"Konkurs Robot\",\"description\":\"\",\"publisher\":{\"@id\":\"https:\\\/\\\/konkursrobot.dk\\\/#organization\"},\"potentialAction\":[{\"@type\":\"SearchAction\",\"target\":{\"@type\":\"EntryPoint\",\"urlTemplate\":\"https:\\\/\\\/konkursrobot.dk\\\/?s={search_term_string}\"},\"query-input\":{\"@type\":\"PropertyValueSpecification\",\"valueRequired\":true,\"valueName\":\"search_term_string\"}}],\"inLanguage\":\"sv-SE\"},{\"@type\":\"Organization\",\"@id\":\"https:\\\/\\\/konkursrobot.dk\\\/#organization\",\"name\":\"Konkurs Robot\",\"url\":\"https:\\\/\\\/konkursrobot.dk\\\/\",\"logo\":{\"@type\":\"ImageObject\",\"inLanguage\":\"sv-SE\",\"@id\":\"https:\\\/\\\/konkursrobot.dk\\\/#\\\/schema\\\/logo\\\/image\\\/\",\"url\":\"https:\\\/\\\/konkursrobot.dk\\\/wp-content\\\/uploads\\\/BELLAINTEL_LOGO_long-2.png\",\"contentUrl\":\"https:\\\/\\\/konkursrobot.dk\\\/wp-content\\\/uploads\\\/BELLAINTEL_LOGO_long-2.png\",\"width\":612,\"height\":257,\"caption\":\"Konkurs Robot\"},\"image\":{\"@id\":\"https:\\\/\\\/konkursrobot.dk\\\/#\\\/schema\\\/logo\\\/image\\\/\"}}]}<\/script>\n<!-- \/ Yoast SEO plugin. -->","yoast_head_json":{"title":"Services - Konkurs Robot","robots":{"index":"index","follow":"follow","max-snippet":"max-snippet:-1","max-image-preview":"max-image-preview:large","max-video-preview":"max-video-preview:-1"},"canonical":"https:\/\/konkursrobot.dk\/se\/services\/","og_locale":"sv_SE","og_type":"article","og_title":"Services - Konkurs Robot","og_description":"Migrering af data fra Advosys til BELLA Intelligence Vi kan s\u00f8rge for migrering af jeres nuv\u00e6rende data fra Advosys til BELLA, og hj\u00e6lper jer fra A-Z. IT r\u00e5dgivning til advokater Vi tilbyder IT r\u00e5dgivning til advokater med speciale i insolvens og rekonstruktion. Vi har 5 \u00e5rs erfaring med IT implementeringer i advokatbranchen og kan hj\u00e6lpe [&hellip;]","og_url":"https:\/\/konkursrobot.dk\/se\/services\/","og_site_name":"Konkurs Robot","article_modified_time":"2025-04-07T08:05:55+00:00","og_image":[{"url":"https:\/\/konkursrobot.dk\/wp-content\/uploads\/inte-1024x1024.jpg","type":"","width":"","height":""}],"twitter_card":"summary_large_image","twitter_misc":{"Ber\u00e4knad l\u00e4stid":"2 minuter"},"schema":{"@context":"https:\/\/schema.org","@graph":[{"@type":"WebPage","@id":"https:\/\/konkursrobot.dk\/services\/","url":"https:\/\/konkursrobot.dk\/services\/","name":"Services - Konkurs Robot","isPartOf":{"@id":"https:\/\/konkursrobot.dk\/#website"},"primaryImageOfPage":{"@id":"https:\/\/konkursrobot.dk\/services\/#primaryimage"},"image":{"@id":"https:\/\/konkursrobot.dk\/services\/#primaryimage"},"thumbnailUrl":"https:\/\/konkursrobot.dk\/wp-content\/uploads\/inte-1024x1024.jpg","datePublished":"2025-01-29T07:31:16+00:00","dateModified":"2025-04-07T08:05:55+00:00","inLanguage":"sv-SE","potentialAction":[{"@type":"ReadAction","target":["https:\/\/konkursrobot.dk\/services\/"]}]},{"@type":"ImageObject","inLanguage":"sv-SE","@id":"https:\/\/konkursrobot.dk\/services\/#primaryimage","url":"https:\/\/konkursrobot.dk\/wp-content\/uploads\/inte-1024x1024.jpg","contentUrl":"https:\/\/konkursrobot.dk\/wp-content\/uploads\/inte-1024x1024.jpg"},{"@type":"WebSite","@id":"https:\/\/konkursrobot.dk\/#website","url":"https:\/\/konkursrobot.dk\/","name":"Konkurs Robot","description":"","publisher":{"@id":"https:\/\/konkursrobot.dk\/#organization"},"potentialAction":[{"@type":"SearchAction","target":{"@type":"EntryPoint","urlTemplate":"https:\/\/konkursrobot.dk\/?s={search_term_string}"},"query-input":{"@type":"PropertyValueSpecification","valueRequired":true,"valueName":"search_term_string"}}],"inLanguage":"sv-SE"},{"@type":"Organization","@id":"https:\/\/konkursrobot.dk\/#organization","name":"Konkurs Robot","url":"https:\/\/konkursrobot.dk\/","logo":{"@type":"ImageObject","inLanguage":"sv-SE","@id":"https:\/\/konkursrobot.dk\/#\/schema\/logo\/image\/","url":"https:\/\/konkursrobot.dk\/wp-content\/uploads\/BELLAINTEL_LOGO_long-2.png","contentUrl":"https:\/\/konkursrobot.dk\/wp-content\/uploads\/BELLAINTEL_LOGO_long-2.png","width":612,"height":257,"caption":"Konkurs Robot"},"image":{"@id":"https:\/\/konkursrobot.dk\/#\/schema\/logo\/image\/"}}]}},"_links":{"self":[{"href":"https:\/\/konkursrobot.dk\/se\/wp-json\/wp\/v2\/pages\/1549","targetHints":{"allow":["GET"]}}],"collection":[{"href":"https:\/\/konkursrobot.dk\/se\/wp-json\/wp\/v2\/pages"}],"about":[{"href":"https:\/\/konkursrobot.dk\/se\/wp-json\/wp\/v2\/types\/page"}],"author":[{"embeddable":true,"href":"https:\/\/konkursrobot.dk\/se\/wp-json\/wp\/v2\/users\/1"}],"replies":[{"embeddable":true,"href":"https:\/\/konkursrobot.dk\/se\/wp-json\/wp\/v2\/comments?post=1549"}],"version-history":[{"count":0,"href":"https:\/\/konkursrobot.dk\/se\/wp-json\/wp\/v2\/pages\/1549\/revisions"}],"wp:attachment":[{"href":"https:\/\/konkursrobot.dk\/se\/wp-json\/wp\/v2\/media?parent=1549"}],"curies":[{"name":"wp","href":"https:\/\/api.w.org\/{rel}","templated":true}]}}