{"id":1555,"date":"2025-01-29T08:32:11","date_gmt":"2025-01-29T07:32:11","guid":{"rendered":"https:\/\/konkursrobot.dk\/?page_id=1555"},"modified":"2025-04-07T09:53:30","modified_gmt":"2025-04-07T07:53:30","slug":"egen-konkursportal","status":"publish","type":"page","link":"https:\/\/konkursrobot.dk\/se\/egen-konkursportal\/","title":{"rendered":"Egen konkursportal"},"content":{"rendered":"<div data-elementor-type=\"wp-page\" data-elementor-id=\"1555\" class=\"elementor elementor-1555\" data-elementor-post-type=\"page\">\n\t\t\t\t<div class=\"elementor-element elementor-element-226aa2c e-flex e-con-boxed e-con e-parent\" data-id=\"226aa2c\" data-element_type=\"container\" data-e-type=\"container\" data-settings=\"{&quot;background_background&quot;:&quot;classic&quot;}\">\n\t\t\t\t\t<div class=\"e-con-inner\">\n\t\t<div class=\"elementor-element elementor-element-27ead1e e-con-full e-flex e-con e-child\" data-id=\"27ead1e\" data-element_type=\"container\" data-e-type=\"container\">\n\t\t\t\t<div class=\"elementor-element elementor-element-b6fd397 elementor-widget__width-initial elementor-widget elementor-widget-heading\" data-id=\"b6fd397\" data-element_type=\"widget\" data-e-type=\"widget\" data-widget_type=\"heading.default\">\n\t\t\t\t<div class=\"elementor-widget-container\">\n\t\t\t\t\t<h1 class=\"elementor-heading-title elementor-size-default\">Er egen konkursportal<\/h1>\t\t\t\t<\/div>\n\t\t\t\t<\/div>\n\t\t\t\t<div class=\"elementor-element elementor-element-c0b58a0 elementor-widget elementor-widget-text-editor\" data-id=\"c0b58a0\" data-element_type=\"widget\" data-e-type=\"widget\" data-widget_type=\"text-editor.default\">\n\t\t\t\t<div class=\"elementor-widget-container\">\n\t\t\t\t\t\t\t\t\t<p>Nordisk konkursportal BELLA \u00e4r resultatet av ett n\u00e4ra samarbete med advokatkontor i Danmark, Sverige och Norge, specialiserade inom konkursr\u00e4tt. Systemets skuldbok och kreditorinformationsmodul \u00e4r integrerat med v\u00e5r gemensamnordiska kreditorportal, som kan n\u00e5s via www.konkursboerne.dk. Denna integration ger kreditorer m\u00f6jlighet att f\u00e5 \u00f6versikt \u00f6ver deras konkursrelaterade informationer p\u00e5 tv\u00e4rs \u00f6ver alla advokatkontor som anv\u00e4nder BELLA-systemet.<\/p><p>Som kund hos BELLA f\u00e5r ni er egen kreditorportal (med egen logotyp och design) d\u00e4r era kreditorer kan registrera krav!<\/p>\t\t\t\t\t\t\t\t<\/div>\n\t\t\t\t<\/div>\n\t\t<div class=\"elementor-element elementor-element-16077a6 e-con-full e-flex e-con e-child\" data-id=\"16077a6\" data-element_type=\"container\" data-e-type=\"container\">\n\t\t\t\t<div class=\"elementor-element elementor-element-1d4ca39 elementor-mobile-align-justify elementor-widget-mobile__width-inherit elementor-widget elementor-widget-button\" data-id=\"1d4ca39\" data-element_type=\"widget\" data-e-type=\"widget\" data-widget_type=\"button.default\">\n\t\t\t\t<div class=\"elementor-widget-container\">\n\t\t\t\t\t\t\t\t\t<div class=\"elementor-button-wrapper\">\n\t\t\t\t\t<a class=\"elementor-button elementor-button-link elementor-size-sm elementor-animation-float\" href=\"http:\/\/www.konkursboerne.dk\/\" target=\"_blank\">\n\t\t\t\t\t\t<span class=\"elementor-button-content-wrapper\">\n\t\t\t\t\t\t\t\t\t<span class=\"elementor-button-text\">konkursboerne.dk<\/span>\n\t\t\t\t\t<\/span>\n\t\t\t\t\t<\/a>\n\t\t\t\t<\/div>\n\t\t\t\t\t\t\t\t<\/div>\n\t\t\t\t<\/div>\n\t\t\t\t<\/div>\n\t\t\t\t<\/div>\n\t\t\t\t\t<\/div>\n\t\t\t\t<\/div>\n\t\t<div class=\"elementor-element elementor-element-3463e5f e-flex e-con-boxed e-con e-parent\" data-id=\"3463e5f\" data-element_type=\"container\" data-e-type=\"container\" data-settings=\"{&quot;background_background&quot;:&quot;classic&quot;}\">\n\t\t\t\t\t<div class=\"e-con-inner\">\n\t\t\t\t<div class=\"elementor-element elementor-element-9c6c471 elementor-widget elementor-widget-image\" data-id=\"9c6c471\" data-element_type=\"widget\" data-e-type=\"widget\" data-widget_type=\"image.default\">\n\t\t\t\t<div class=\"elementor-widget-container\">\n\t\t\t\t\t\t\t\t\t\t\t\t\t\t\t<img fetchpriority=\"high\" decoding=\"async\" width=\"1917\" height=\"937\" src=\"https:\/\/konkursrobot.dk\/wp-content\/uploads\/Skaermbillede-2025-01-30-kl.-11.03.38.png\" class=\"attachment-full size-full wp-image-2135\" alt=\"\" srcset=\"https:\/\/konkursrobot.dk\/wp-content\/uploads\/Skaermbillede-2025-01-30-kl.-11.03.38.png 1917w, https:\/\/konkursrobot.dk\/wp-content\/uploads\/Skaermbillede-2025-01-30-kl.-11.03.38-300x147.png 300w, https:\/\/konkursrobot.dk\/wp-content\/uploads\/Skaermbillede-2025-01-30-kl.-11.03.38-1024x501.png 1024w, https:\/\/konkursrobot.dk\/wp-content\/uploads\/Skaermbillede-2025-01-30-kl.-11.03.38-768x375.png 768w, https:\/\/konkursrobot.dk\/wp-content\/uploads\/Skaermbillede-2025-01-30-kl.-11.03.38-1536x751.png 1536w\" sizes=\"(max-width: 1917px) 100vw, 1917px\" \/>\t\t\t\t\t\t\t\t\t\t\t\t\t\t\t<\/div>\n\t\t\t\t<\/div>\n\t\t\t\t\t<\/div>\n\t\t\t\t<\/div>\n\t\t\t\t<\/div>","protected":false},"excerpt":{"rendered":"<p>Jeres egen konkursportal BELLA er resultatet af et t\u00e6t samarbejde med advokatkontorer i Danmark, Sverige og Norge, med speciale i konkursret. Systemets g\u00e6ldbog og kreditorinformationsmodul er integreret med vores f\u00e6llesnordiske kreditorportal, som kan tilg\u00e5s via www.konkursboerne.dk. Denne integration giver kreditorer mulighed for at f\u00e5 overblik over deres konkursrelaterede oplysninger p\u00e5 tv\u00e6rs af alle advokatkontorer, der [&hellip;]<\/p>\n","protected":false},"author":1,"featured_media":0,"parent":0,"menu_order":0,"comment_status":"closed","ping_status":"closed","template":"","meta":{"_acf_changed":false,"footnotes":""},"class_list":["post-1555","page","type-page","status-publish","hentry"],"acf":[],"yoast_head":"<!-- This site is optimized with the Yoast SEO plugin v27.5 - https:\/\/yoast.com\/product\/yoast-seo-wordpress\/ -->\n<title>Egen konkursportal - Konkurs Robot<\/title>\n<meta name=\"robots\" content=\"index, follow, max-snippet:-1, max-image-preview:large, max-video-preview:-1\" \/>\n<link rel=\"canonical\" href=\"https:\/\/konkursrobot.dk\/se\/egen-konkursportal\/\" \/>\n<meta property=\"og:locale\" content=\"sv_SE\" \/>\n<meta property=\"og:type\" content=\"article\" \/>\n<meta property=\"og:title\" content=\"Egen konkursportal - Konkurs Robot\" \/>\n<meta property=\"og:description\" content=\"Jeres egen konkursportal BELLA er resultatet af et t\u00e6t samarbejde med advokatkontorer i Danmark, Sverige og Norge, med speciale i konkursret. Systemets g\u00e6ldbog og kreditorinformationsmodul er integreret med vores f\u00e6llesnordiske kreditorportal, som kan tilg\u00e5s via www.konkursboerne.dk. Denne integration giver kreditorer mulighed for at f\u00e5 overblik over deres konkursrelaterede oplysninger p\u00e5 tv\u00e6rs af alle advokatkontorer, der [&hellip;]\" \/>\n<meta property=\"og:url\" content=\"https:\/\/konkursrobot.dk\/se\/egen-konkursportal\/\" \/>\n<meta property=\"og:site_name\" content=\"Konkurs Robot\" \/>\n<meta property=\"article:modified_time\" content=\"2025-04-07T07:53:30+00:00\" \/>\n<meta property=\"og:image\" content=\"https:\/\/konkursrobot.dk\/wp-content\/uploads\/Skaermbillede-2025-01-30-kl.-11.03.38.png\" \/>\n<meta name=\"twitter:card\" content=\"summary_large_image\" \/>\n<meta name=\"twitter:label1\" content=\"Ber\u00e4knad l\u00e4stid\" \/>\n\t<meta name=\"twitter:data1\" content=\"1 minut\" \/>\n<script type=\"application\/ld+json\" class=\"yoast-schema-graph\">{\"@context\":\"https:\\\/\\\/schema.org\",\"@graph\":[{\"@type\":\"WebPage\",\"@id\":\"https:\\\/\\\/konkursrobot.dk\\\/egen-konkursportal\\\/\",\"url\":\"https:\\\/\\\/konkursrobot.dk\\\/egen-konkursportal\\\/\",\"name\":\"Egen konkursportal - Konkurs Robot\",\"isPartOf\":{\"@id\":\"https:\\\/\\\/konkursrobot.dk\\\/#website\"},\"primaryImageOfPage\":{\"@id\":\"https:\\\/\\\/konkursrobot.dk\\\/egen-konkursportal\\\/#primaryimage\"},\"image\":{\"@id\":\"https:\\\/\\\/konkursrobot.dk\\\/egen-konkursportal\\\/#primaryimage\"},\"thumbnailUrl\":\"https:\\\/\\\/konkursrobot.dk\\\/wp-content\\\/uploads\\\/Skaermbillede-2025-01-30-kl.-11.03.38.png\",\"datePublished\":\"2025-01-29T07:32:11+00:00\",\"dateModified\":\"2025-04-07T07:53:30+00:00\",\"inLanguage\":\"sv-SE\",\"potentialAction\":[{\"@type\":\"ReadAction\",\"target\":[\"https:\\\/\\\/konkursrobot.dk\\\/egen-konkursportal\\\/\"]}]},{\"@type\":\"ImageObject\",\"inLanguage\":\"sv-SE\",\"@id\":\"https:\\\/\\\/konkursrobot.dk\\\/egen-konkursportal\\\/#primaryimage\",\"url\":\"https:\\\/\\\/konkursrobot.dk\\\/wp-content\\\/uploads\\\/Skaermbillede-2025-01-30-kl.-11.03.38.png\",\"contentUrl\":\"https:\\\/\\\/konkursrobot.dk\\\/wp-content\\\/uploads\\\/Skaermbillede-2025-01-30-kl.-11.03.38.png\"},{\"@type\":\"WebSite\",\"@id\":\"https:\\\/\\\/konkursrobot.dk\\\/#website\",\"url\":\"https:\\\/\\\/konkursrobot.dk\\\/\",\"name\":\"Konkurs Robot\",\"description\":\"\",\"publisher\":{\"@id\":\"https:\\\/\\\/konkursrobot.dk\\\/#organization\"},\"potentialAction\":[{\"@type\":\"SearchAction\",\"target\":{\"@type\":\"EntryPoint\",\"urlTemplate\":\"https:\\\/\\\/konkursrobot.dk\\\/?s={search_term_string}\"},\"query-input\":{\"@type\":\"PropertyValueSpecification\",\"valueRequired\":true,\"valueName\":\"search_term_string\"}}],\"inLanguage\":\"sv-SE\"},{\"@type\":\"Organization\",\"@id\":\"https:\\\/\\\/konkursrobot.dk\\\/#organization\",\"name\":\"Konkurs Robot\",\"url\":\"https:\\\/\\\/konkursrobot.dk\\\/\",\"logo\":{\"@type\":\"ImageObject\",\"inLanguage\":\"sv-SE\",\"@id\":\"https:\\\/\\\/konkursrobot.dk\\\/#\\\/schema\\\/logo\\\/image\\\/\",\"url\":\"https:\\\/\\\/konkursrobot.dk\\\/wp-content\\\/uploads\\\/BELLAINTEL_LOGO_long-2.png\",\"contentUrl\":\"https:\\\/\\\/konkursrobot.dk\\\/wp-content\\\/uploads\\\/BELLAINTEL_LOGO_long-2.png\",\"width\":612,\"height\":257,\"caption\":\"Konkurs Robot\"},\"image\":{\"@id\":\"https:\\\/\\\/konkursrobot.dk\\\/#\\\/schema\\\/logo\\\/image\\\/\"}}]}<\/script>\n<!-- \/ Yoast SEO plugin. -->","yoast_head_json":{"title":"Egen konkursportal - Konkurs Robot","robots":{"index":"index","follow":"follow","max-snippet":"max-snippet:-1","max-image-preview":"max-image-preview:large","max-video-preview":"max-video-preview:-1"},"canonical":"https:\/\/konkursrobot.dk\/se\/egen-konkursportal\/","og_locale":"sv_SE","og_type":"article","og_title":"Egen konkursportal - Konkurs Robot","og_description":"Jeres egen konkursportal BELLA er resultatet af et t\u00e6t samarbejde med advokatkontorer i Danmark, Sverige og Norge, med speciale i konkursret. Systemets g\u00e6ldbog og kreditorinformationsmodul er integreret med vores f\u00e6llesnordiske kreditorportal, som kan tilg\u00e5s via www.konkursboerne.dk. Denne integration giver kreditorer mulighed for at f\u00e5 overblik over deres konkursrelaterede oplysninger p\u00e5 tv\u00e6rs af alle advokatkontorer, der [&hellip;]","og_url":"https:\/\/konkursrobot.dk\/se\/egen-konkursportal\/","og_site_name":"Konkurs Robot","article_modified_time":"2025-04-07T07:53:30+00:00","og_image":[{"url":"https:\/\/konkursrobot.dk\/wp-content\/uploads\/Skaermbillede-2025-01-30-kl.-11.03.38.png","type":"","width":"","height":""}],"twitter_card":"summary_large_image","twitter_misc":{"Ber\u00e4knad l\u00e4stid":"1 minut"},"schema":{"@context":"https:\/\/schema.org","@graph":[{"@type":"WebPage","@id":"https:\/\/konkursrobot.dk\/egen-konkursportal\/","url":"https:\/\/konkursrobot.dk\/egen-konkursportal\/","name":"Egen konkursportal - Konkurs Robot","isPartOf":{"@id":"https:\/\/konkursrobot.dk\/#website"},"primaryImageOfPage":{"@id":"https:\/\/konkursrobot.dk\/egen-konkursportal\/#primaryimage"},"image":{"@id":"https:\/\/konkursrobot.dk\/egen-konkursportal\/#primaryimage"},"thumbnailUrl":"https:\/\/konkursrobot.dk\/wp-content\/uploads\/Skaermbillede-2025-01-30-kl.-11.03.38.png","datePublished":"2025-01-29T07:32:11+00:00","dateModified":"2025-04-07T07:53:30+00:00","inLanguage":"sv-SE","potentialAction":[{"@type":"ReadAction","target":["https:\/\/konkursrobot.dk\/egen-konkursportal\/"]}]},{"@type":"ImageObject","inLanguage":"sv-SE","@id":"https:\/\/konkursrobot.dk\/egen-konkursportal\/#primaryimage","url":"https:\/\/konkursrobot.dk\/wp-content\/uploads\/Skaermbillede-2025-01-30-kl.-11.03.38.png","contentUrl":"https:\/\/konkursrobot.dk\/wp-content\/uploads\/Skaermbillede-2025-01-30-kl.-11.03.38.png"},{"@type":"WebSite","@id":"https:\/\/konkursrobot.dk\/#website","url":"https:\/\/konkursrobot.dk\/","name":"Konkurs Robot","description":"","publisher":{"@id":"https:\/\/konkursrobot.dk\/#organization"},"potentialAction":[{"@type":"SearchAction","target":{"@type":"EntryPoint","urlTemplate":"https:\/\/konkursrobot.dk\/?s={search_term_string}"},"query-input":{"@type":"PropertyValueSpecification","valueRequired":true,"valueName":"search_term_string"}}],"inLanguage":"sv-SE"},{"@type":"Organization","@id":"https:\/\/konkursrobot.dk\/#organization","name":"Konkurs Robot","url":"https:\/\/konkursrobot.dk\/","logo":{"@type":"ImageObject","inLanguage":"sv-SE","@id":"https:\/\/konkursrobot.dk\/#\/schema\/logo\/image\/","url":"https:\/\/konkursrobot.dk\/wp-content\/uploads\/BELLAINTEL_LOGO_long-2.png","contentUrl":"https:\/\/konkursrobot.dk\/wp-content\/uploads\/BELLAINTEL_LOGO_long-2.png","width":612,"height":257,"caption":"Konkurs Robot"},"image":{"@id":"https:\/\/konkursrobot.dk\/#\/schema\/logo\/image\/"}}]}},"_links":{"self":[{"href":"https:\/\/konkursrobot.dk\/se\/wp-json\/wp\/v2\/pages\/1555","targetHints":{"allow":["GET"]}}],"collection":[{"href":"https:\/\/konkursrobot.dk\/se\/wp-json\/wp\/v2\/pages"}],"about":[{"href":"https:\/\/konkursrobot.dk\/se\/wp-json\/wp\/v2\/types\/page"}],"author":[{"embeddable":true,"href":"https:\/\/konkursrobot.dk\/se\/wp-json\/wp\/v2\/users\/1"}],"replies":[{"embeddable":true,"href":"https:\/\/konkursrobot.dk\/se\/wp-json\/wp\/v2\/comments?post=1555"}],"version-history":[{"count":1,"href":"https:\/\/konkursrobot.dk\/se\/wp-json\/wp\/v2\/pages\/1555\/revisions"}],"predecessor-version":[{"id":3632,"href":"https:\/\/konkursrobot.dk\/se\/wp-json\/wp\/v2\/pages\/1555\/revisions\/3632"}],"wp:attachment":[{"href":"https:\/\/konkursrobot.dk\/se\/wp-json\/wp\/v2\/media?parent=1555"}],"curies":[{"name":"wp","href":"https:\/\/api.w.org\/{rel}","templated":true}]}}